{"id":17,"date":"2024-11-13T10:29:54","date_gmt":"2024-11-13T10:29:54","guid":{"rendered":"https:\/\/vortexgenesisai.live\/?page_id=17"},"modified":"2025-12-30T06:39:44","modified_gmt":"2025-12-30T06:39:44","slug":"uber-uns","status":"publish","type":"page","link":"https:\/\/vortexgenesisai.live\/de\/about-us\/","title":{"rendered":"\u00dcber uns"},"content":{"rendered":"<div data-elementor-type=\"wp-page\" data-elementor-id=\"17\" class=\"elementor elementor-17\" data-elementor-post-type=\"page\">\n\t\t\t\t<div class=\"elementor-element elementor-element-6dbf383 e-flex e-con-boxed e-con e-parent\" data-id=\"6dbf383\" data-element_type=\"container\" data-e-type=\"container\" data-settings=\"{&quot;background_background&quot;:&quot;classic&quot;}\">\n\t\t\t\t\t<div class=\"e-con-inner\">\n\t\t<div class=\"elementor-element elementor-element-a0e5c2f e-con-full e-flex e-con e-child\" data-id=\"a0e5c2f\" data-element_type=\"container\" data-e-type=\"container\">\n\t\t\t\t<div class=\"elementor-element elementor-element-d0f4863 elementor-widget elementor-widget-heading\" data-id=\"d0f4863\" data-element_type=\"widget\" data-e-type=\"widget\" data-widget_type=\"heading.default\">\n\t\t\t\t<div class=\"elementor-widget-container\">\n\t\t\t\t\t<h1 class=\"elementor-heading-title elementor-size-default\">Vortex Genesis Ai: \u00dcber uns<\/h1>\t\t\t\t<\/div>\n\t\t\t\t<\/div>\n\t\t\t\t<div class=\"elementor-element elementor-element-82f313e elementor-widget__width-initial elementor-widget elementor-widget-text-editor\" data-id=\"82f313e\" data-element_type=\"widget\" data-e-type=\"widget\" data-widget_type=\"text-editor.default\">\n\t\t\t\t<div class=\"elementor-widget-container\">\n\t\t\t\t\t\t\t\t\t<p>Willkommen bei <strong>Vortex Genesis KI<\/strong>, wo Innovation auf Pr\u00e4zision in der Welt des automatisierten Handels trifft. Unsere Mission ist es, H\u00e4ndlern aller Erfahrungsstufen mehr M\u00f6glichkeiten zu bieten, indem wir ihnen fortschrittliche KI-gest\u00fctzte Tools zur Verf\u00fcgung stellen, die darauf ausgelegt sind, Handelsstrategien zu optimieren, die Rentabilit\u00e4t zu steigern und Risiken auf den schnelllebigen Kryptow\u00e4hrungs- und Devisenm\u00e4rkten zu minimieren.<\/p>\t\t\t\t\t\t\t\t<\/div>\n\t\t\t\t<\/div>\n\t\t\t\t<\/div>\n\t\t<div class=\"elementor-element elementor-element-192bd49 e-con-full e-flex e-con e-child\" data-id=\"192bd49\" data-element_type=\"container\" data-e-type=\"container\">\n\t\t\t\t<div class=\"elementor-element elementor-element-1531911 elementor-widget__width-initial elementor-widget-mobile__width-initial elementor-widget elementor-widget-image\" data-id=\"1531911\" data-element_type=\"widget\" data-e-type=\"widget\" data-widget_type=\"image.default\">\n\t\t\t\t<div class=\"elementor-widget-container\">\n\t\t\t\t\t\t\t\t\t\t\t\t\t\t\t<img fetchpriority=\"high\" decoding=\"async\" width=\"635\" height=\"393\" src=\"https:\/\/vortexgenesisai.live\/wp-content\/uploads\/2024\/11\/image21-e1731568306683.webp\" class=\"attachment-large size-large wp-image-119\" alt=\"\u00dcber uns\" srcset=\"https:\/\/vortexgenesisai.live\/wp-content\/uploads\/2024\/11\/image21-e1731568306683.webp 635w, https:\/\/vortexgenesisai.live\/wp-content\/uploads\/2024\/11\/image21-e1731568306683-300x186.webp 300w\" sizes=\"(max-width: 635px) 100vw, 635px\" \/>\t\t\t\t\t\t\t\t\t\t\t\t\t\t\t<\/div>\n\t\t\t\t<\/div>\n\t\t\t\t<\/div>\n\t\t\t\t\t<\/div>\n\t\t\t\t<\/div>\n\t\t<div class=\"elementor-element elementor-element-515e0cf e-flex e-con-boxed e-con e-parent\" data-id=\"515e0cf\" data-element_type=\"container\" data-e-type=\"container\">\n\t\t\t\t\t<div class=\"e-con-inner\">\n\t\t<div class=\"elementor-element elementor-element-837be24 e-con-full e-flex e-con e-child\" data-id=\"837be24\" data-element_type=\"container\" data-e-type=\"container\">\n\t\t\t\t<div class=\"elementor-element elementor-element-2edd4b3 elementor-widget elementor-widget-heading\" data-id=\"2edd4b3\" data-element_type=\"widget\" data-e-type=\"widget\" data-widget_type=\"heading.default\">\n\t\t\t\t<div class=\"elementor-widget-container\">\n\t\t\t\t\t<h2 class=\"elementor-heading-title elementor-size-default\">Unsere Mission <\/h2>\t\t\t\t<\/div>\n\t\t\t\t<\/div>\n\t\t\t\t<div class=\"elementor-element elementor-element-d422b48 elementor-widget elementor-widget-text-editor\" data-id=\"d422b48\" data-element_type=\"widget\" data-e-type=\"widget\" data-widget_type=\"text-editor.default\">\n\t\t\t\t<div class=\"elementor-widget-container\">\n\t\t\t\t\t\t\t\t\t<p>Bei <strong>Vortex Genesis KI<\/strong>Wir verwenden modernste Algorithmen und Echtzeit-Datenanalysen, um umsetzbare Erkenntnisse und eine automatisierte Handelsausf\u00fchrung zu liefern. Egal, ob Sie ein erfahrener Trader sind oder gerade erst anfangen, unsere Plattform vereinfacht den Handelsprozess und erm\u00f6glicht es Ihnen, fundierte Entscheidungen zu treffen und Ihre finanziellen Ziele mit Zuversicht zu erreichen.<\/p>\t\t\t\t\t\t\t\t<\/div>\n\t\t\t\t<\/div>\n\t\t\t\t<\/div>\n\t\t<div class=\"elementor-element elementor-element-77f873d e-con-full e-flex e-con e-child\" data-id=\"77f873d\" data-element_type=\"container\" data-e-type=\"container\">\n\t\t\t\t<div class=\"elementor-element elementor-element-85488d5 elementor-widget elementor-widget-heading\" data-id=\"85488d5\" data-element_type=\"widget\" data-e-type=\"widget\" data-widget_type=\"heading.default\">\n\t\t\t\t<div class=\"elementor-widget-container\">\n\t\t\t\t\t<h2 class=\"elementor-heading-title elementor-size-default\">Unsere Vision\n<\/h2>\t\t\t\t<\/div>\n\t\t\t\t<\/div>\n\t\t\t\t<div class=\"elementor-element elementor-element-1c7d97d elementor-widget elementor-widget-text-editor\" data-id=\"1c7d97d\" data-element_type=\"widget\" data-e-type=\"widget\" data-widget_type=\"text-editor.default\">\n\t\t\t\t<div class=\"elementor-widget-container\">\n\t\t\t\t\t\t\t\t\t<p>Unsere Vision ist es, fortschrittliche Handelstechnologie f\u00fcr alle zug\u00e4nglich zu machen, unabh\u00e4ngig von Erfahrung oder Hintergrund. Wir glauben, dass wir durch die Nutzung der Leistungsf\u00e4higkeit k\u00fcnstlicher Intelligenz das Handelserlebnis revolutionieren und es den Benutzern erm\u00f6glichen k\u00f6nnen, ihr Potenzial auf den globalen Finanzm\u00e4rkten zu maximieren.<\/p><h3>\u00a0<\/h3>\t\t\t\t\t\t\t\t<\/div>\n\t\t\t\t<\/div>\n\t\t\t\t<\/div>\n\t\t\t\t\t<\/div>\n\t\t\t\t<\/div>\n\t\t<div class=\"elementor-element elementor-element-9366ba4 e-flex e-con-boxed e-con e-parent\" data-id=\"9366ba4\" data-element_type=\"container\" data-e-type=\"container\">\n\t\t\t\t\t<div class=\"e-con-inner\">\n\t\t<div class=\"elementor-element elementor-element-dba322f e-con-full e-flex e-con e-child\" data-id=\"dba322f\" data-element_type=\"container\" data-e-type=\"container\" data-settings=\"{&quot;background_background&quot;:&quot;classic&quot;}\">\n\t\t<div class=\"elementor-element elementor-element-28c4bec e-con-full e-flex e-con e-child\" data-id=\"28c4bec\" data-element_type=\"container\" data-e-type=\"container\" data-settings=\"{&quot;background_background&quot;:&quot;classic&quot;}\">\n\t\t\t\t<div class=\"elementor-element elementor-element-2da771b elementor-widget__width-initial elementor-widget-mobile__width-initial elementor-widget elementor-widget-text-editor\" data-id=\"2da771b\" data-element_type=\"widget\" data-e-type=\"widget\" data-widget_type=\"text-editor.default\">\n\t\t\t\t<div class=\"elementor-widget-container\">\n\t\t\t\t\t\t\t\t\t<p>Werden Sie noch heute Mitglied bei Vortex Genesis AI und starten Sie Ihre Reise hin zu intelligenterem, automatisiertem Handel. Mit unseren leistungsstarken Tools und Echtzeit-Einblicken sind Sie in der Lage, die Komplexit\u00e4t der Finanzm\u00e4rkte zu meistern und Ihren Handel auf die n\u00e4chste Ebene zu bringen.<\/p>\t\t\t\t\t\t\t\t<\/div>\n\t\t\t\t<\/div>\n\t\t\t\t<div class=\"elementor-element elementor-element-157c042 elementor-align-justify elementor-widget__width-initial elementor-widget-mobile__width-initial elementor-widget elementor-widget-button\" data-id=\"157c042\" data-element_type=\"widget\" data-e-type=\"widget\" data-widget_type=\"button.default\">\n\t\t\t\t<div class=\"elementor-widget-container\">\n\t\t\t\t\t\t\t\t\t<div class=\"elementor-button-wrapper\">\n\t\t\t\t\t<a class=\"elementor-button elementor-button-link elementor-size-sm elementor-animation-grow\" href=\"https:\/\/vortexgenesisai.live\/de\/kontaktieren-sie-uns\/#form\">\n\t\t\t\t\t\t<span class=\"elementor-button-content-wrapper\">\n\t\t\t\t\t\t\t\t\t<span class=\"elementor-button-text\">Begleiten Sie uns<\/span>\n\t\t\t\t\t<\/span>\n\t\t\t\t\t<\/a>\n\t\t\t\t<\/div>\n\t\t\t\t\t\t\t\t<\/div>\n\t\t\t\t<\/div>\n\t\t<div class=\"elementor-element elementor-element-4a69110 e-con-full elementor-hidden-mobile e-flex e-con e-child\" data-id=\"4a69110\" data-element_type=\"container\" data-e-type=\"container\">\n\t\t\t\t<div class=\"elementor-element elementor-element-bb91b4f elementor-widget__width-initial elementor-widget-mobile__width-initial elementor-widget elementor-widget-image\" data-id=\"bb91b4f\" data-element_type=\"widget\" data-e-type=\"widget\" data-widget_type=\"image.default\">\n\t\t\t\t<div class=\"elementor-widget-container\">\n\t\t\t\t\t\t\t\t\t\t\t\t\t\t\t<img decoding=\"async\" width=\"480\" height=\"377\" src=\"https:\/\/vortexgenesisai.live\/wp-content\/uploads\/2024\/11\/About-us-vertox.webp\" class=\"attachment-large size-large wp-image-517\" alt=\"vortex genesis ai withdrawl\" srcset=\"https:\/\/vortexgenesisai.live\/wp-content\/uploads\/2024\/11\/About-us-vertox.webp 480w, https:\/\/vortexgenesisai.live\/wp-content\/uploads\/2024\/11\/About-us-vertox-300x236.webp 300w\" sizes=\"(max-width: 480px) 100vw, 480px\" \/>\t\t\t\t\t\t\t\t\t\t\t\t\t\t\t<\/div>\n\t\t\t\t<\/div>\n\t\t\t\t<\/div>\n\t\t\t\t<\/div>\n\t\t\t\t<\/div>\n\t\t\t\t\t<\/div>\n\t\t\t\t<\/div>\n\t\t<div class=\"elementor-element elementor-element-f5cd604 e-flex e-con-boxed e-con e-parent\" data-id=\"f5cd604\" data-element_type=\"container\" data-e-type=\"container\">\n\t\t\t\t\t<div class=\"e-con-inner\">\n\t\t\t\t<div class=\"elementor-element elementor-element-7057f5b elementor-widget elementor-widget-spacer\" data-id=\"7057f5b\" data-element_type=\"widget\" data-e-type=\"widget\" data-widget_type=\"spacer.default\">\n\t\t\t\t<div class=\"elementor-widget-container\">\n\t\t\t\t\t\t\t<div class=\"elementor-spacer\">\n\t\t\t<div class=\"elementor-spacer-inner\"><\/div>\n\t\t<\/div>\n\t\t\t\t\t\t<\/div>\n\t\t\t\t<\/div>\n\t\t\t\t\t<\/div>\n\t\t\t\t<\/div>\n\t\t\t\t<\/div>","protected":false},"excerpt":{"rendered":"<p>Vortex Genesis Ai: About Us Welcome to Vortex Genesis AI, where innovation meets precision in the world of automated trading. Our mission is to empower traders of all experience levels by providing them with advanced AI-powered tools designed to optimize trading strategies, enhance profitability, and minimize risks in the fast-paced cryptocurrency and forex markets. Our [&hellip;]<\/p>\n","protected":false},"author":1,"featured_media":0,"parent":0,"menu_order":0,"comment_status":"closed","ping_status":"closed","template":"elementor_header_footer","meta":{"footnotes":""},"class_list":["post-17","page","type-page","status-publish","hentry"],"_links":{"self":[{"href":"https:\/\/vortexgenesisai.live\/de\/wp-json\/wp\/v2\/pages\/17","targetHints":{"allow":["GET"]}}],"collection":[{"href":"https:\/\/vortexgenesisai.live\/de\/wp-json\/wp\/v2\/pages"}],"about":[{"href":"https:\/\/vortexgenesisai.live\/de\/wp-json\/wp\/v2\/types\/page"}],"author":[{"embeddable":true,"href":"https:\/\/vortexgenesisai.live\/de\/wp-json\/wp\/v2\/users\/1"}],"replies":[{"embeddable":true,"href":"https:\/\/vortexgenesisai.live\/de\/wp-json\/wp\/v2\/comments?post=17"}],"version-history":[{"count":110,"href":"https:\/\/vortexgenesisai.live\/de\/wp-json\/wp\/v2\/pages\/17\/revisions"}],"predecessor-version":[{"id":1627,"href":"https:\/\/vortexgenesisai.live\/de\/wp-json\/wp\/v2\/pages\/17\/revisions\/1627"}],"wp:attachment":[{"href":"https:\/\/vortexgenesisai.live\/de\/wp-json\/wp\/v2\/media?parent=17"}],"curies":[{"name":"wp","href":"https:\/\/api.w.org\/{rel}","templated":true}]}}