{"id":21,"date":"2024-11-13T10:30:27","date_gmt":"2024-11-13T10:30:27","guid":{"rendered":"https:\/\/vortexgenesisai.live\/?page_id=21"},"modified":"2025-12-30T06:45:48","modified_gmt":"2025-12-30T06:45:48","slug":"datenschutzrichtlinie","status":"publish","type":"page","link":"https:\/\/vortexgenesisai.live\/de\/privacy-policy\/","title":{"rendered":"Datenschutzrichtlinie"},"content":{"rendered":"<div data-elementor-type=\"wp-page\" data-elementor-id=\"21\" class=\"elementor elementor-21\" data-elementor-post-type=\"page\">\n\t\t\t\t<div class=\"elementor-element elementor-element-7ada8f3 e-flex e-con-boxed e-con e-parent\" data-id=\"7ada8f3\" data-element_type=\"container\" data-e-type=\"container\" data-settings=\"{&quot;background_background&quot;:&quot;classic&quot;}\">\n\t\t\t\t\t<div class=\"e-con-inner\">\n\t\t<div class=\"elementor-element elementor-element-69f28de e-con-full e-flex e-con e-child\" data-id=\"69f28de\" data-element_type=\"container\" data-e-type=\"container\">\n\t\t\t\t<div class=\"elementor-element elementor-element-d7ec87e elementor-widget elementor-widget-heading\" data-id=\"d7ec87e\" data-element_type=\"widget\" data-e-type=\"widget\" data-widget_type=\"heading.default\">\n\t\t\t\t<div class=\"elementor-widget-container\">\n\t\t\t\t\t<h1 class=\"elementor-heading-title elementor-size-default\">Datenschutzrichtlinie\n<\/h1>\t\t\t\t<\/div>\n\t\t\t\t<\/div>\n\t\t\t\t<div class=\"elementor-element elementor-element-f192dfa elementor-widget__width-initial elementor-widget elementor-widget-text-editor\" data-id=\"f192dfa\" data-element_type=\"widget\" data-e-type=\"widget\" data-widget_type=\"text-editor.default\">\n\t\t\t\t<div class=\"elementor-widget-container\">\n\t\t\t\t\t\t\t\t\t<p>Diese Datenschutzerkl\u00e4rung gilt f\u00fcr die <strong>Vortex Genesis Ai<\/strong> (im Folgenden \u201eAnwendung\u201c genannt) f\u00fcr mobile Ger\u00e4te (im Folgenden \u201eDienstanbieter\u201c genannt) als kostenloser Dienst. Dieser Dienst ist zur Nutzung \u201eim Ist-Zustand\u201c vorgesehen.<\/p>\t\t\t\t\t\t\t\t<\/div>\n\t\t\t\t<\/div>\n\t\t\t\t<\/div>\n\t\t<div class=\"elementor-element elementor-element-f65be01 e-con-full e-flex e-con e-child\" data-id=\"f65be01\" data-element_type=\"container\" data-e-type=\"container\">\n\t\t\t\t<div class=\"elementor-element elementor-element-4fe7285 elementor-widget__width-initial elementor-widget-tablet__width-initial elementor-widget-mobile__width-initial elementor-widget elementor-widget-image\" data-id=\"4fe7285\" data-element_type=\"widget\" data-e-type=\"widget\" data-widget_type=\"image.default\">\n\t\t\t\t<div class=\"elementor-widget-container\">\n\t\t\t\t\t\t\t\t\t\t\t\t\t\t\t<img fetchpriority=\"high\" decoding=\"async\" width=\"500\" height=\"499\" src=\"https:\/\/vortexgenesisai.live\/wp-content\/uploads\/2024\/11\/image23.webp\" class=\"attachment-large size-large wp-image-121\" alt=\"Vortex Genesis AI-Markt\" srcset=\"https:\/\/vortexgenesisai.live\/wp-content\/uploads\/2024\/11\/image23.webp 500w, https:\/\/vortexgenesisai.live\/wp-content\/uploads\/2024\/11\/image23-300x300.webp 300w, https:\/\/vortexgenesisai.live\/wp-content\/uploads\/2024\/11\/image23-150x150.webp 150w\" sizes=\"(max-width: 500px) 100vw, 500px\" \/>\t\t\t\t\t\t\t\t\t\t\t\t\t\t\t<\/div>\n\t\t\t\t<\/div>\n\t\t\t\t<\/div>\n\t\t\t\t\t<\/div>\n\t\t\t\t<\/div>\n\t\t<div class=\"elementor-element elementor-element-1e213bc e-flex e-con-boxed e-con e-parent\" data-id=\"1e213bc\" data-element_type=\"container\" data-e-type=\"container\">\n\t\t\t\t\t<div class=\"e-con-inner\">\n\t\t\t\t<div class=\"elementor-element elementor-element-c7df720 elementor-widget elementor-widget-spacer\" data-id=\"c7df720\" data-element_type=\"widget\" data-e-type=\"widget\" data-widget_type=\"spacer.default\">\n\t\t\t\t<div class=\"elementor-widget-container\">\n\t\t\t\t\t\t\t<div class=\"elementor-spacer\">\n\t\t\t<div class=\"elementor-spacer-inner\"><\/div>\n\t\t<\/div>\n\t\t\t\t\t\t<\/div>\n\t\t\t\t<\/div>\n\t\t\t\t<div class=\"elementor-element elementor-element-7a3b74c elementor-widget elementor-widget-heading\" data-id=\"7a3b74c\" data-element_type=\"widget\" data-e-type=\"widget\" data-widget_type=\"heading.default\">\n\t\t\t\t<div class=\"elementor-widget-container\">\n\t\t\t\t\t<h2 class=\"elementor-heading-title elementor-size-default\">Erfassung und Verwendung von Informationen\n<\/h2>\t\t\t\t<\/div>\n\t\t\t\t<\/div>\n\t\t\t\t<div class=\"elementor-element elementor-element-43468ad elementor-widget elementor-widget-text-editor\" data-id=\"43468ad\" data-element_type=\"widget\" data-e-type=\"widget\" data-widget_type=\"text-editor.default\">\n\t\t\t\t<div class=\"elementor-widget-container\">\n\t\t\t\t\t\t\t\t\t<p>Die Anwendung sammelt Informationen, wenn Sie sie herunterladen und verwenden. Diese Informationen k\u00f6nnen Informationen enthalten wie<\/p><ul><li>Die Internetprotokolladresse Ihres Ger\u00e4ts (z. B. IP-Adresse)<\/li><li>Der Zeitaufwand f\u00fcr die Bewerbung<\/li><li>Das Betriebssystem, das Sie auf Ihrem Mobilger\u00e4t verwenden<\/li><\/ul><p>Die Anwendung sammelt keine genauen Informationen \u00fcber den Standort Ihres Mobilger\u00e4ts.<\/p><p>Der Dienstanbieter kann die von Ihnen bereitgestellten Informationen verwenden, um Sie von Zeit zu Zeit zu kontaktieren und Ihnen wichtige Informationen, erforderliche Mitteilungen und Marketingaktionen zukommen zu lassen.<\/p><p>Um Ihnen bei der Nutzung der Anwendung ein besseres Erlebnis zu bieten, kann der Dienstanbieter von Ihnen verlangen, uns bestimmte personenbezogene Daten mitzuteilen, darunter, aber nicht beschr\u00e4nkt auf, Vorname, Nachname, E-Mail-Adresse und Telefonnummer. Die vom Dienstanbieter angeforderten Informationen werden von ihm gespeichert und wie in dieser Datenschutzrichtlinie beschrieben verwendet.<\/p>\t\t\t\t\t\t\t\t<\/div>\n\t\t\t\t<\/div>\n\t\t\t\t<div class=\"elementor-element elementor-element-0d8891d elementor-widget elementor-widget-heading\" data-id=\"0d8891d\" data-element_type=\"widget\" data-e-type=\"widget\" data-widget_type=\"heading.default\">\n\t\t\t\t<div class=\"elementor-widget-container\">\n\t\t\t\t\t<h2 class=\"elementor-heading-title elementor-size-default\">Von uns erfasste Informationen\n<\/h2>\t\t\t\t<\/div>\n\t\t\t\t<\/div>\n\t\t\t\t<div class=\"elementor-element elementor-element-cd8e446 elementor-widget elementor-widget-text-editor\" data-id=\"cd8e446\" data-element_type=\"widget\" data-e-type=\"widget\" data-widget_type=\"text-editor.default\">\n\t\t\t\t<div class=\"elementor-widget-container\">\n\t\t\t\t\t\t\t\t\t<p>Die pers\u00f6nlichen Daten, die Sie angeben m\u00fcssen, und die Gr\u00fcnde, warum Sie dazu aufgefordert werden, werden Ihnen zum Zeitpunkt der Aufforderung zur Angabe Ihrer pers\u00f6nlichen Daten klar mitgeteilt. Wenn Sie uns direkt kontaktieren, erhalten wir m\u00f6glicherweise zus\u00e4tzliche Informationen \u00fcber Sie, wie Ihren Namen, Ihre E-Mail-Adresse, Ihre Telefonnummer, den Inhalt der Nachricht und\/oder Anh\u00e4nge, die Sie uns senden, und alle anderen Informationen, die Sie uns m\u00f6glicherweise zur Verf\u00fcgung stellen. Wenn Sie sich f\u00fcr ein Konto registrieren, fragen wir Sie m\u00f6glicherweise nach Ihren Kontaktinformationen, einschlie\u00dflich Angaben wie Name, Firmenname, Adresse, E-Mail-Adresse und Telefonnummer.<\/p>\t\t\t\t\t\t\t\t<\/div>\n\t\t\t\t<\/div>\n\t\t\t\t<div class=\"elementor-element elementor-element-c0b4f42 elementor-widget elementor-widget-heading\" data-id=\"c0b4f42\" data-element_type=\"widget\" data-e-type=\"widget\" data-widget_type=\"heading.default\">\n\t\t\t\t<div class=\"elementor-widget-container\">\n\t\t\t\t\t<h2 class=\"elementor-heading-title elementor-size-default\">Zugriff durch Dritte<\/h2>\t\t\t\t<\/div>\n\t\t\t\t<\/div>\n\t\t\t\t<div class=\"elementor-element elementor-element-402f541 elementor-widget elementor-widget-text-editor\" data-id=\"402f541\" data-element_type=\"widget\" data-e-type=\"widget\" data-widget_type=\"text-editor.default\">\n\t\t\t\t<div class=\"elementor-widget-container\">\n\t\t\t\t\t\t\t\t\t<p>Nur aggregierte, anonymisierte Daten werden regelm\u00e4\u00dfig an externe Dienste \u00fcbermittelt, um den Dienstanbieter bei der Verbesserung der Anwendung und seines Dienstes zu unterst\u00fctzen. Der Dienstanbieter kann Ihre Informationen auf die in dieser Datenschutzrichtlinie beschriebene Weise an Dritte weitergeben.<\/p><p>Bitte beachten Sie, dass die Anwendung Dienste von Drittanbietern nutzt, die ihre eigenen Datenschutzrichtlinien zum Umgang mit Daten haben. Nachfolgend finden Sie die Links zu den Datenschutzrichtlinien der von der Anwendung verwendeten Drittanbieter:<\/p><ul><li>Google Play-Dienste<br \/>Der Dienstanbieter kann vom Benutzer bereitgestellte und automatisch erfasste Informationen offenlegen:<\/li><li>wie gesetzlich vorgeschrieben, beispielsweise um einer Vorladung oder einem \u00e4hnlichen Rechtsverfahren nachzukommen;<\/li><li>wenn sie in gutem Glauben davon ausgehen, dass die Offenlegung zum Schutz ihrer Rechte, zum Schutz Ihrer Sicherheit oder der Sicherheit anderer, zur Untersuchung von Betrugsf\u00e4llen oder zur Beantwortung einer beh\u00f6rdlichen Anfrage erforderlich ist;<\/li><li>mit ihren vertrauensw\u00fcrdigen Dienstleistern, die in ihrem Auftrag arbeiten, keinen eigenst\u00e4ndigen Gebrauch von den Informationen machen, die wir ihnen offenlegen, und sich bereit erkl\u00e4rt haben, die in dieser Datenschutzerkl\u00e4rung dargelegten Regeln einzuhalten.<\/li><\/ul>\t\t\t\t\t\t\t\t<\/div>\n\t\t\t\t<\/div>\n\t\t\t\t<div class=\"elementor-element elementor-element-863f915 elementor-widget elementor-widget-heading\" data-id=\"863f915\" data-element_type=\"widget\" data-e-type=\"widget\" data-widget_type=\"heading.default\">\n\t\t\t\t<div class=\"elementor-widget-container\">\n\t\t\t\t\t<h2 class=\"elementor-heading-title elementor-size-default\">Opt-Out-Rechte\n<\/h2>\t\t\t\t<\/div>\n\t\t\t\t<\/div>\n\t\t\t\t<div class=\"elementor-element elementor-element-3211013 elementor-widget elementor-widget-text-editor\" data-id=\"3211013\" data-element_type=\"widget\" data-e-type=\"widget\" data-widget_type=\"text-editor.default\">\n\t\t\t\t<div class=\"elementor-widget-container\">\n\t\t\t\t\t\t\t\t\tSie k\u00f6nnen die Erfassung aller Informationen durch die Anwendung ganz einfach stoppen, indem Sie sie deinstallieren. Sie k\u00f6nnen die standardm\u00e4\u00dfigen Deinstallationsprozesse verwenden, die m\u00f6glicherweise als Teil Ihres Mobilger\u00e4ts oder \u00fcber den Marktplatz oder das Netzwerk f\u00fcr mobile Anwendungen verf\u00fcgbar sind.\n\n\t\t\t\t\t\t\t\t<\/div>\n\t\t\t\t<\/div>\n\t\t\t\t<div class=\"elementor-element elementor-element-b1c1d3d elementor-widget elementor-widget-heading\" data-id=\"b1c1d3d\" data-element_type=\"widget\" data-e-type=\"widget\" data-widget_type=\"heading.default\">\n\t\t\t\t<div class=\"elementor-widget-container\">\n\t\t\t\t\t<h2 class=\"elementor-heading-title elementor-size-default\">Richtlinie zur Datenaufbewahrung\n<\/h2>\t\t\t\t<\/div>\n\t\t\t\t<\/div>\n\t\t\t\t<div class=\"elementor-element elementor-element-70936ec elementor-widget elementor-widget-text-editor\" data-id=\"70936ec\" data-element_type=\"widget\" data-e-type=\"widget\" data-widget_type=\"text-editor.default\">\n\t\t\t\t<div class=\"elementor-widget-container\">\n\t\t\t\t\t\t\t\t\t<p>Der Dienstanbieter speichert vom Benutzer bereitgestellte Daten, solange Sie die Anwendung nutzen, und f\u00fcr einen angemessenen Zeitraum danach. Wenn Sie m\u00f6chten, dass der Dienstanbieter vom Benutzer bereitgestellte Daten l\u00f6scht, die Sie \u00fcber die Anwendung bereitgestellt haben, kontaktieren Sie ihn bitte unter <a href=\"mailto:support@vortexgenesisai.live\">support@vortexgenesisai.live<\/a> und sie werden innerhalb einer angemessenen Zeit antworten.<\/p>\t\t\t\t\t\t\t\t<\/div>\n\t\t\t\t<\/div>\n\t\t\t\t<div class=\"elementor-element elementor-element-540cbd2 elementor-widget elementor-widget-heading\" data-id=\"540cbd2\" data-element_type=\"widget\" data-e-type=\"widget\" data-widget_type=\"heading.default\">\n\t\t\t\t<div class=\"elementor-widget-container\">\n\t\t\t\t\t<h2 class=\"elementor-heading-title elementor-size-default\">Kinder<\/h2>\t\t\t\t<\/div>\n\t\t\t\t<\/div>\n\t\t\t\t<div class=\"elementor-element elementor-element-6927033 elementor-widget elementor-widget-text-editor\" data-id=\"6927033\" data-element_type=\"widget\" data-e-type=\"widget\" data-widget_type=\"text-editor.default\">\n\t\t\t\t<div class=\"elementor-widget-container\">\n\t\t\t\t\t\t\t\t\t<p>Der Dienstanbieter nutzt die Anwendung nicht, um wissentlich Daten von Kindern unter 18 Jahren anzufordern oder an diese zu vermarkten.<\/p><p>Die Anwendung richtet sich nicht an Personen unter 18 Jahren. Der Dienstanbieter sammelt nicht wissentlich personenbezogene Daten von Kindern unter 18 Jahren. Sollte der Dienstanbieter feststellen, dass ein Kind unter 18 Jahren personenbezogene Daten bereitgestellt hat, wird der Dienstanbieter diese unverz\u00fcglich von seinen Servern l\u00f6schen. Wenn Sie ein Elternteil oder Erziehungsberechtigter sind und wissen, dass Ihr Kind uns personenbezogene Daten bereitgestellt hat, wenden Sie sich bitte an den Dienstanbieter (<a href=\"mailto:support@vortexgenesisai.live\">support@vortexgenesisai.live<\/a>), damit sie die erforderlichen Ma\u00dfnahmen ergreifen k\u00f6nnen.<\/p>\t\t\t\t\t\t\t\t<\/div>\n\t\t\t\t<\/div>\n\t\t\t\t<div class=\"elementor-element elementor-element-b494704 elementor-widget elementor-widget-heading\" data-id=\"b494704\" data-element_type=\"widget\" data-e-type=\"widget\" data-widget_type=\"heading.default\">\n\t\t\t\t<div class=\"elementor-widget-container\">\n\t\t\t\t\t<h2 class=\"elementor-heading-title elementor-size-default\">Sicherheit\n<\/h2>\t\t\t\t<\/div>\n\t\t\t\t<\/div>\n\t\t\t\t<div class=\"elementor-element elementor-element-287952f elementor-widget elementor-widget-text-editor\" data-id=\"287952f\" data-element_type=\"widget\" data-e-type=\"widget\" data-widget_type=\"text-editor.default\">\n\t\t\t\t<div class=\"elementor-widget-container\">\n\t\t\t\t\t\t\t\t\t<p>Der Dienstanbieter legt Wert auf die Wahrung der Vertraulichkeit Ihrer Daten. Der Dienstanbieter bietet physische, elektronische und verfahrenstechnische Sicherheitsvorkehrungen zum Schutz der von ihm verarbeiteten und verwalteten Daten.<\/p>\t\t\t\t\t\t\t\t<\/div>\n\t\t\t\t<\/div>\n\t\t\t\t<div class=\"elementor-element elementor-element-101449c elementor-widget elementor-widget-heading\" data-id=\"101449c\" data-element_type=\"widget\" data-e-type=\"widget\" data-widget_type=\"heading.default\">\n\t\t\t\t<div class=\"elementor-widget-container\">\n\t\t\t\t\t<h2 class=\"elementor-heading-title elementor-size-default\">\u00c4nderungen\n<\/h2>\t\t\t\t<\/div>\n\t\t\t\t<\/div>\n\t\t\t\t<div class=\"elementor-element elementor-element-2231da5 elementor-widget elementor-widget-text-editor\" data-id=\"2231da5\" data-element_type=\"widget\" data-e-type=\"widget\" data-widget_type=\"text-editor.default\">\n\t\t\t\t<div class=\"elementor-widget-container\">\n\t\t\t\t\t\t\t\t\t<p>Diese Datenschutzrichtlinie kann von Zeit zu Zeit aus beliebigen Gr\u00fcnden aktualisiert werden. Der Dienstanbieter wird Sie \u00fcber alle \u00c4nderungen der Datenschutzrichtlinie informieren, indem er diese Seite mit der neuen Datenschutzrichtlinie aktualisiert. Es wird Ihnen empfohlen, diese Datenschutzrichtlinie regelm\u00e4\u00dfig auf \u00c4nderungen zu \u00fcberpr\u00fcfen, da die fortgesetzte Nutzung als Zustimmung zu allen \u00c4nderungen gilt.<\/p><p>Diese Datenschutzrichtlinie ist g\u00fcltig ab 2024-01-01<\/p>\t\t\t\t\t\t\t\t<\/div>\n\t\t\t\t<\/div>\n\t\t\t\t<div class=\"elementor-element elementor-element-ad22b25 elementor-widget elementor-widget-heading\" data-id=\"ad22b25\" data-element_type=\"widget\" data-e-type=\"widget\" data-widget_type=\"heading.default\">\n\t\t\t\t<div class=\"elementor-widget-container\">\n\t\t\t\t\t<h2 class=\"elementor-heading-title elementor-size-default\">Ihr Einverst\u00e4ndnis\n<\/h2>\t\t\t\t<\/div>\n\t\t\t\t<\/div>\n\t\t\t\t<div class=\"elementor-element elementor-element-197270f elementor-widget elementor-widget-text-editor\" data-id=\"197270f\" data-element_type=\"widget\" data-e-type=\"widget\" data-widget_type=\"text-editor.default\">\n\t\t\t\t<div class=\"elementor-widget-container\">\n\t\t\t\t\t\t\t\t\tIndem Sie die Anwendung verwenden, stimmen Sie der Verarbeitung Ihrer Daten gem\u00e4\u00df dieser aktuellen und von uns ge\u00e4nderten Datenschutzrichtlinie zu.\n\n\t\t\t\t\t\t\t\t<\/div>\n\t\t\t\t<\/div>\n\t\t\t\t<div class=\"elementor-element elementor-element-8300568 elementor-widget elementor-widget-heading\" data-id=\"8300568\" data-element_type=\"widget\" data-e-type=\"widget\" data-widget_type=\"heading.default\">\n\t\t\t\t<div class=\"elementor-widget-container\">\n\t\t\t\t\t<h2 class=\"elementor-heading-title elementor-size-default\">Von uns erfasste Informationen<\/h2>\t\t\t\t<\/div>\n\t\t\t\t<\/div>\n\t\t\t\t<div class=\"elementor-element elementor-element-5fb9ced elementor-widget elementor-widget-text-editor\" data-id=\"5fb9ced\" data-element_type=\"widget\" data-e-type=\"widget\" data-widget_type=\"text-editor.default\">\n\t\t\t\t<div class=\"elementor-widget-container\">\n\t\t\t\t\t\t\t\t\t<p>Die pers\u00f6nlichen Daten, die Sie angeben m\u00fcssen, und die Gr\u00fcnde, warum Sie dazu aufgefordert werden, werden Ihnen zum Zeitpunkt der Aufforderung zur Angabe Ihrer pers\u00f6nlichen Daten klar mitgeteilt. Wenn Sie uns direkt kontaktieren, erhalten wir m\u00f6glicherweise zus\u00e4tzliche Informationen \u00fcber Sie, wie Ihren Namen, Ihre E-Mail-Adresse, Ihre Telefonnummer, den Inhalt der Nachricht und\/oder Anh\u00e4nge, die Sie uns senden, und alle anderen Informationen, die Sie uns m\u00f6glicherweise zur Verf\u00fcgung stellen. Wenn Sie sich f\u00fcr ein Konto registrieren, fragen wir Sie m\u00f6glicherweise nach Ihren Kontaktinformationen, einschlie\u00dflich Angaben wie Name, Firmenname, Adresse, E-Mail-Adresse und Telefonnummer.<\/p>\t\t\t\t\t\t\t\t<\/div>\n\t\t\t\t<\/div>\n\t\t\t\t<div class=\"elementor-element elementor-element-5447fb5 elementor-widget elementor-widget-heading\" data-id=\"5447fb5\" data-element_type=\"widget\" data-e-type=\"widget\" data-widget_type=\"heading.default\">\n\t\t\t\t<div class=\"elementor-widget-container\">\n\t\t\t\t\t<h2 class=\"elementor-heading-title elementor-size-default\">Kontaktieren Sie uns\n<\/h2>\t\t\t\t<\/div>\n\t\t\t\t<\/div>\n\t\t\t\t<div class=\"elementor-element elementor-element-fe1fe25 elementor-widget elementor-widget-text-editor\" data-id=\"fe1fe25\" data-element_type=\"widget\" data-e-type=\"widget\" data-widget_type=\"text-editor.default\">\n\t\t\t\t<div class=\"elementor-widget-container\">\n\t\t\t\t\t\t\t\t\t<p>Wenn Sie Fragen zum Datenschutz bei der Nutzung der Anwendung haben oder Fragen zu den Praktiken haben, wenden Sie sich bitte per E-Mail an den Dienstanbieter unter <a href=\"mailto:support@vortexgenesisai.live\">support@vortexgenesisai.live<\/a><\/p>\t\t\t\t\t\t\t\t<\/div>\n\t\t\t\t<\/div>\n\t\t\t\t<div class=\"elementor-element elementor-element-bcbe08e elementor-widget elementor-widget-spacer\" data-id=\"bcbe08e\" data-element_type=\"widget\" data-e-type=\"widget\" data-widget_type=\"spacer.default\">\n\t\t\t\t<div class=\"elementor-widget-container\">\n\t\t\t\t\t\t\t<div class=\"elementor-spacer\">\n\t\t\t<div class=\"elementor-spacer-inner\"><\/div>\n\t\t<\/div>\n\t\t\t\t\t\t<\/div>\n\t\t\t\t<\/div>\n\t\t\t\t\t<\/div>\n\t\t\t\t<\/div>\n\t\t\t\t<\/div>","protected":false},"excerpt":{"rendered":"<p>Privacy Policy This privacy policy applies to the Vortex Genesis Ai (hereby referred to as \u201cApplication\u201d) for mobile devices (hereby referred to as \u201cService Provider\u201d) as a Free service. This service is intended for use \u201cAS IS\u201d. Information Collection and Use The Application collects information when you download and use it. This information may include [&hellip;]<\/p>\n","protected":false},"author":1,"featured_media":0,"parent":0,"menu_order":0,"comment_status":"closed","ping_status":"closed","template":"","meta":{"footnotes":""},"class_list":["post-21","page","type-page","status-publish","hentry"],"_links":{"self":[{"href":"https:\/\/vortexgenesisai.live\/de\/wp-json\/wp\/v2\/pages\/21","targetHints":{"allow":["GET"]}}],"collection":[{"href":"https:\/\/vortexgenesisai.live\/de\/wp-json\/wp\/v2\/pages"}],"about":[{"href":"https:\/\/vortexgenesisai.live\/de\/wp-json\/wp\/v2\/types\/page"}],"author":[{"embeddable":true,"href":"https:\/\/vortexgenesisai.live\/de\/wp-json\/wp\/v2\/users\/1"}],"replies":[{"embeddable":true,"href":"https:\/\/vortexgenesisai.live\/de\/wp-json\/wp\/v2\/comments?post=21"}],"version-history":[{"count":142,"href":"https:\/\/vortexgenesisai.live\/de\/wp-json\/wp\/v2\/pages\/21\/revisions"}],"predecessor-version":[{"id":1633,"href":"https:\/\/vortexgenesisai.live\/de\/wp-json\/wp\/v2\/pages\/21\/revisions\/1633"}],"wp:attachment":[{"href":"https:\/\/vortexgenesisai.live\/de\/wp-json\/wp\/v2\/media?parent=21"}],"curies":[{"name":"wp","href":"https:\/\/api.w.org\/{rel}","templated":true}]}}