{"id":23,"date":"2024-11-13T10:30:59","date_gmt":"2024-11-13T10:30:59","guid":{"rendered":"https:\/\/vortexgenesisai.live\/?page_id=23"},"modified":"2025-12-30T06:49:05","modified_gmt":"2025-12-30T06:49:05","slug":"geschaftsbedingungen","status":"publish","type":"page","link":"https:\/\/vortexgenesisai.live\/de\/terms-and-conditions\/","title":{"rendered":"Gesch\u00e4ftsbedingungen"},"content":{"rendered":"<div data-elementor-type=\"wp-page\" data-elementor-id=\"23\" class=\"elementor elementor-23\" data-elementor-post-type=\"page\">\n\t\t\t\t<div class=\"elementor-element elementor-element-b9c5d79 e-flex e-con-boxed e-con e-parent\" data-id=\"b9c5d79\" data-element_type=\"container\" data-e-type=\"container\" data-settings=\"{&quot;background_background&quot;:&quot;classic&quot;}\">\n\t\t\t\t\t<div class=\"e-con-inner\">\n\t\t<div class=\"elementor-element elementor-element-f9215ae e-con-full e-flex e-con e-child\" data-id=\"f9215ae\" data-element_type=\"container\" data-e-type=\"container\">\n\t\t\t\t<div class=\"elementor-element elementor-element-6823f95 elementor-widget elementor-widget-heading\" data-id=\"6823f95\" data-element_type=\"widget\" data-e-type=\"widget\" data-widget_type=\"heading.default\">\n\t\t\t\t<div class=\"elementor-widget-container\">\n\t\t\t\t\t<h1 class=\"elementor-heading-title elementor-size-default\">Gesch\u00e4ftsbedingungen<\/h1>\t\t\t\t<\/div>\n\t\t\t\t<\/div>\n\t\t\t\t<div class=\"elementor-element elementor-element-5d074b0 elementor-widget__width-initial elementor-widget elementor-widget-text-editor\" data-id=\"5d074b0\" data-element_type=\"widget\" data-e-type=\"widget\" data-widget_type=\"text-editor.default\">\n\t\t\t\t<div class=\"elementor-widget-container\">\n\t\t\t\t\t\t\t\t\t<p>Willkommen bei <strong>Vortex Genesis Ai<\/strong>, Ihre erste Adresse f\u00fcr automatisierte Handelssignale. Mit der Nutzung unserer Dienste erkl\u00e4ren Sie sich mit den folgenden Allgemeinen Gesch\u00e4ftsbedingungen einverstanden. Bitte lesen Sie diese sorgf\u00e4ltig durch, bevor Sie Transaktionen oder Abonnements abschlie\u00dfen.<\/p>\t\t\t\t\t\t\t\t<\/div>\n\t\t\t\t<\/div>\n\t\t\t\t<\/div>\n\t\t<div class=\"elementor-element elementor-element-71cb126 e-con-full e-flex e-con e-child\" data-id=\"71cb126\" data-element_type=\"container\" data-e-type=\"container\">\n\t\t\t\t<div class=\"elementor-element elementor-element-0e6c147 elementor-widget__width-initial elementor-widget-mobile__width-initial elementor-widget elementor-widget-image\" data-id=\"0e6c147\" data-element_type=\"widget\" data-e-type=\"widget\" data-widget_type=\"image.default\">\n\t\t\t\t<div class=\"elementor-widget-container\">\n\t\t\t\t\t\t\t\t\t\t\t\t\t\t\t<img fetchpriority=\"high\" decoding=\"async\" width=\"500\" height=\"499\" src=\"https:\/\/vortexgenesisai.live\/wp-content\/uploads\/2024\/11\/image23.webp\" class=\"attachment-large size-large wp-image-121\" alt=\"Vortex Genesis AI-Markt\" srcset=\"https:\/\/vortexgenesisai.live\/wp-content\/uploads\/2024\/11\/image23.webp 500w, https:\/\/vortexgenesisai.live\/wp-content\/uploads\/2024\/11\/image23-300x300.webp 300w, https:\/\/vortexgenesisai.live\/wp-content\/uploads\/2024\/11\/image23-150x150.webp 150w\" sizes=\"(max-width: 500px) 100vw, 500px\" \/>\t\t\t\t\t\t\t\t\t\t\t\t\t\t\t<\/div>\n\t\t\t\t<\/div>\n\t\t\t\t<\/div>\n\t\t\t\t\t<\/div>\n\t\t\t\t<\/div>\n\t\t<div class=\"elementor-element elementor-element-260e9a9 e-flex e-con-boxed e-con e-parent\" data-id=\"260e9a9\" data-element_type=\"container\" data-e-type=\"container\">\n\t\t\t\t\t<div class=\"e-con-inner\">\n\t\t\t\t<div class=\"elementor-element elementor-element-81f0abf elementor-widget elementor-widget-spacer\" data-id=\"81f0abf\" data-element_type=\"widget\" data-e-type=\"widget\" data-widget_type=\"spacer.default\">\n\t\t\t\t<div class=\"elementor-widget-container\">\n\t\t\t\t\t\t\t<div class=\"elementor-spacer\">\n\t\t\t<div class=\"elementor-spacer-inner\"><\/div>\n\t\t<\/div>\n\t\t\t\t\t\t<\/div>\n\t\t\t\t<\/div>\n\t\t\t\t<div class=\"elementor-element elementor-element-ea0c853 elementor-widget elementor-widget-text-editor\" data-id=\"ea0c853\" data-element_type=\"widget\" data-e-type=\"widget\" data-widget_type=\"text-editor.default\">\n\t\t\t\t<div class=\"elementor-widget-container\">\n\t\t\t\t\t\t\t\t\t<p>Annahme der Bedingungen Durch den Zugriff oder die Nutzung <strong>Vortex Genesis Ai<\/strong>Mit der Nutzung dieser Website best\u00e4tigen Sie, dass Sie diese Allgemeinen Gesch\u00e4ftsbedingungen gelesen und verstanden haben und ihnen zustimmen. Sollten Sie mit diesen Bedingungen nicht einverstanden sein, d\u00fcrfen Sie unsere Dienste nicht nutzen.<\/p><p>Beschreibung der Leistungen, <strong>Vortex Genesis Ai<\/strong> bietet Online-Handelsroboter f\u00fcr verschiedene Finanzm\u00e4rkte an. Unsere propriet\u00e4ren Algorithmen generieren Handelsergebnisse basierend auf Marktanalysen. Bitte beachten Sie jedoch, dass vergangene Performances keine Garantie f\u00fcr zuk\u00fcnftige Ergebnisse darstellen und der Handel mit Risiken verbunden ist.<\/p>\t\t\t\t\t\t\t\t<\/div>\n\t\t\t\t<\/div>\n\t\t\t\t<div class=\"elementor-element elementor-element-d8ad93b elementor-widget elementor-widget-text-editor\" data-id=\"d8ad93b\" data-element_type=\"widget\" data-e-type=\"widget\" data-widget_type=\"text-editor.default\">\n\t\t\t\t<div class=\"elementor-widget-container\">\n\t\t\t\t\t\t\t\t\t<p>Benutzerberechtigung Sie m\u00fcssen mindestens 18 Jahre alt und rechtlich befugt sein, Vertr\u00e4ge zur Nutzung unserer Dienste abzuschlie\u00dfen. Durch den Zugriff <strong>Vortex Genesis Ai<\/strong>best\u00e4tigen Sie, dass Sie diese Anforderungen erf\u00fcllen und f\u00fcr die Einhaltung aller geltenden Gesetze und Vorschriften in Ihrer Gerichtsbarkeit verantwortlich sind.<\/p>\t\t\t\t\t\t\t\t<\/div>\n\t\t\t\t<\/div>\n\t\t\t\t<div class=\"elementor-element elementor-element-e66497e elementor-widget elementor-widget-text-editor\" data-id=\"e66497e\" data-element_type=\"widget\" data-e-type=\"widget\" data-widget_type=\"text-editor.default\">\n\t\t\t\t<div class=\"elementor-widget-container\">\n\t\t\t\t\t\t\t\t\tAbonnement und Zahlung Um auf unsere Roboter-Handelssignale zugreifen zu k\u00f6nnen, m\u00fcssen Sie m\u00f6glicherweise einen unserer Servicepl\u00e4ne abonnieren. Die Abonnementgeb\u00fchren werden auf unserer Website deutlich angegeben und Sie erkl\u00e4ren sich damit einverstanden, die angegebenen Geb\u00fchren f\u00fcr die gew\u00e4hlte Dauer zu zahlen. Zahlungen sind nicht erstattungsf\u00e4hig und Sie sind f\u00fcr alle Steuern oder Geb\u00fchren verantwortlich, die im Zusammenhang mit den Transaktionen anfallen.\n\n\t\t\t\t\t\t\t\t<\/div>\n\t\t\t\t<\/div>\n\t\t\t\t<div class=\"elementor-element elementor-element-7894ed6 elementor-widget elementor-widget-text-editor\" data-id=\"7894ed6\" data-element_type=\"widget\" data-e-type=\"widget\" data-widget_type=\"text-editor.default\">\n\t\t\t\t<div class=\"elementor-widget-container\">\n\t\t\t\t\t\t\t\t\t<p>Risiken und Haftung: Der Handel birgt finanzielle Risiken. Obwohl unser Roboter genaue Informationen liefern soll, k\u00f6nnen wir keine Gewinne garantieren oder Verluste verhindern. Sie erkennen an, dass Sie allein f\u00fcr die Ergebnisse Ihrer Handelsentscheidungen und alle finanziellen Folgen, die sich aus der Nutzung unserer Dienste ergeben, verantwortlich sind. <strong>Vortex Genesis Ai<\/strong>, seine verbundenen Unternehmen und Mitarbeiter haften nicht f\u00fcr Verluste, die bei der Nutzung unserer Dienste entstehen.<\/p>\t\t\t\t\t\t\t\t<\/div>\n\t\t\t\t<\/div>\n\t\t\t\t<div class=\"elementor-element elementor-element-5c0f650 elementor-widget elementor-widget-text-editor\" data-id=\"5c0f650\" data-element_type=\"widget\" data-e-type=\"widget\" data-widget_type=\"text-editor.default\">\n\t\t\t\t<div class=\"elementor-widget-container\">\n\t\t\t\t\t\t\t\t\t<p>Nur f\u00fcr den pers\u00f6nlichen Gebrauch Die Signale von <strong>Vortex Genesis Ai<\/strong> sind nur f\u00fcr Ihren pers\u00f6nlichen Gebrauch bestimmt. Es ist Ihnen strengstens untersagt, unsere Signale ohne vorherige schriftliche Zustimmung von <strong>Vortex Genesis Ai<\/strong>.<\/p>\t\t\t\t\t\t\t\t<\/div>\n\t\t\t\t<\/div>\n\t\t\t\t<div class=\"elementor-element elementor-element-31e9818 elementor-widget elementor-widget-text-editor\" data-id=\"31e9818\" data-element_type=\"widget\" data-e-type=\"widget\" data-widget_type=\"text-editor.default\">\n\t\t\t\t<div class=\"elementor-widget-container\">\n\t\t\t\t\t\t\t\t\t<p>Benutzerverhalten Sie verpflichten sich, unsere Dienste in \u00dcbereinstimmung mit allen geltenden Gesetzen und Vorschriften zu nutzen. Sie d\u00fcrfen keine Aktivit\u00e4ten durchf\u00fchren, die die Funktionalit\u00e4t von <strong>Vortex Genesis Ai<\/strong><b>\u00a0<\/b>oder die damit verbundenen Dienste.<\/p>\t\t\t\t\t\t\t\t<\/div>\n\t\t\t\t<\/div>\n\t\t\t\t<div class=\"elementor-element elementor-element-18c1c97 elementor-widget elementor-widget-text-editor\" data-id=\"18c1c97\" data-element_type=\"widget\" data-e-type=\"widget\" data-widget_type=\"text-editor.default\">\n\t\t\t\t<div class=\"elementor-widget-container\">\n\t\t\t\t\t\t\t\t\t<p>Geistiges Eigentum Alle Inhalte, einschlie\u00dflich, aber nicht beschr\u00e4nkt auf Logos, Marken, Texte, Bilder und Software, die auf <strong>Vortex Genesis Ai<\/strong>, ist durch Gesetze zum Schutz geistigen Eigentums gesch\u00fctzt und ist das ausschlie\u00dfliche Eigentum von <strong>Vortex Genesis Ai<\/strong> oder seinen Lizenzgebern. Sie d\u00fcrfen ohne unsere ausdr\u00fcckliche schriftliche Zustimmung keine Inhalte verwenden, reproduzieren, \u00e4ndern oder verteilen.<\/p>\t\t\t\t\t\t\t\t<\/div>\n\t\t\t\t<\/div>\n\t\t\t\t<div class=\"elementor-element elementor-element-bb327f0 elementor-widget elementor-widget-text-editor\" data-id=\"bb327f0\" data-element_type=\"widget\" data-e-type=\"widget\" data-widget_type=\"text-editor.default\">\n\t\t\t\t<div class=\"elementor-widget-container\">\n\t\t\t\t\t\t\t\t\t<p>Beendigung der Dienste <strong>Vortex Genesis Ai<\/strong><b>\u00a0<\/b>beh\u00e4lt sich das Recht vor, Ihren Zugriff auf unsere Dienste jederzeit und aus beliebigem Grund auszusetzen oder zu beenden, einschlie\u00dflich bei vermutetem Versto\u00df gegen diese Allgemeinen Gesch\u00e4ftsbedingungen oder bei Beteiligung an betr\u00fcgerischen Aktivit\u00e4ten.<\/p>\t\t\t\t\t\t\t\t<\/div>\n\t\t\t\t<\/div>\n\t\t\t\t<div class=\"elementor-element elementor-element-0819983 elementor-widget elementor-widget-text-editor\" data-id=\"0819983\" data-element_type=\"widget\" data-e-type=\"widget\" data-widget_type=\"text-editor.default\">\n\t\t\t\t<div class=\"elementor-widget-container\">\n\t\t\t\t\t\t\t\t\t<p>\u00c4nderungen der Bedingungen <strong>Vortex Genesis Ai<\/strong> Wir k\u00f6nnen diese Allgemeinen Gesch\u00e4ftsbedingungen jederzeit und ohne vorherige Ank\u00fcndigung aktualisieren oder \u00e4ndern. Indem Sie unsere Dienste nach solchen \u00c4nderungen weiterhin nutzen, erkl\u00e4ren Sie sich mit den aktualisierten Allgemeinen Gesch\u00e4ftsbedingungen einverstanden.<\/p>\t\t\t\t\t\t\t\t<\/div>\n\t\t\t\t<\/div>\n\t\t\t\t<div class=\"elementor-element elementor-element-e569f79 elementor-widget elementor-widget-text-editor\" data-id=\"e569f79\" data-element_type=\"widget\" data-e-type=\"widget\" data-widget_type=\"text-editor.default\">\n\t\t\t\t<div class=\"elementor-widget-container\">\n\t\t\t\t\t\t\t\t\t<p>Datenschutzrichtlinie Ihre Privatsph\u00e4re ist uns wichtig. Bitte lesen Sie unsere Datenschutzrichtlinie, um zu erfahren, wie wir Ihre pers\u00f6nlichen Daten sammeln, verwenden und sch\u00fctzen.<\/p>\t\t\t\t\t\t\t\t<\/div>\n\t\t\t\t<\/div>\n\t\t\t\t<div class=\"elementor-element elementor-element-0f11e4d elementor-widget elementor-widget-text-editor\" data-id=\"0f11e4d\" data-element_type=\"widget\" data-e-type=\"widget\" data-widget_type=\"text-editor.default\">\n\t\t\t\t<div class=\"elementor-widget-container\">\n\t\t\t\t\t\t\t\t\t<p>Geltendes Recht und Gerichtsbarkeit Diese Allgemeinen Gesch\u00e4ftsbedingungen unterliegen den Gesetzen und werden gem\u00e4\u00df diesen Gesetzen ausgelegt, ohne R\u00fccksicht auf Kollisionsnormen. S\u00e4mtliche Streitigkeiten, die sich aus oder im Zusammenhang mit diesen Bedingungen ergeben, unterliegen der ausschlie\u00dflichen Zust\u00e4ndigkeit der Gerichte.<\/p>\t\t\t\t\t\t\t\t<\/div>\n\t\t\t\t<\/div>\n\t\t\t\t<div class=\"elementor-element elementor-element-17f4755 elementor-widget elementor-widget-text-editor\" data-id=\"17f4755\" data-element_type=\"widget\" data-e-type=\"widget\" data-widget_type=\"text-editor.default\">\n\t\t\t\t<div class=\"elementor-widget-container\">\n\t\t\t\t\t\t\t\t\t<p>Der Handelsalgorithmus-Roboter <strong>erfordert die Handelssoftware MetaTrader 5 und einen Broker-Service<\/strong> um Kauf- und Verkaufsauftr\u00e4ge auszuf\u00fchren und bei Bedarf Liquidit\u00e4t bereitzustellen.<\/p>\t\t\t\t\t\t\t\t<\/div>\n\t\t\t\t<\/div>\n\t\t\t\t<div class=\"elementor-element elementor-element-683f6f0 elementor-widget elementor-widget-text-editor\" data-id=\"683f6f0\" data-element_type=\"widget\" data-e-type=\"widget\" data-widget_type=\"text-editor.default\">\n\t\t\t\t<div class=\"elementor-widget-container\">\n\t\t\t\t\t\t\t\t\t<p><strong>Der Kunde muss die Gesch\u00e4ftsbedingungen des Maklers lesen und akzeptieren.<\/strong><\/p>\t\t\t\t\t\t\t\t<\/div>\n\t\t\t\t<\/div>\n\t\t\t\t<div class=\"elementor-element elementor-element-1cdb143 elementor-widget elementor-widget-text-editor\" data-id=\"1cdb143\" data-element_type=\"widget\" data-e-type=\"widget\" data-widget_type=\"text-editor.default\">\n\t\t\t\t<div class=\"elementor-widget-container\">\n\t\t\t\t\t\t\t\t\t<p>Durch die Verwendung <strong>Vortex Genesis Ai<\/strong>, stimmen Sie diesen Allgemeinen Gesch\u00e4ftsbedingungen zu, und wir freuen uns darauf, Ihnen einen Roboter-Handelsservice anbieten zu k\u00f6nnen. Wenn Sie Fragen oder Bedenken haben, wenden Sie sich bitte an unser Kundensupport-Team unter <a href=\"mailto:support@vortexgenesisai.live\">support@vortexgenesisai.live<\/a><\/p>\t\t\t\t\t\t\t\t<\/div>\n\t\t\t\t<\/div>\n\t\t\t\t<div class=\"elementor-element elementor-element-a5d34e9 elementor-widget elementor-widget-spacer\" data-id=\"a5d34e9\" data-element_type=\"widget\" data-e-type=\"widget\" data-widget_type=\"spacer.default\">\n\t\t\t\t<div class=\"elementor-widget-container\">\n\t\t\t\t\t\t\t<div class=\"elementor-spacer\">\n\t\t\t<div class=\"elementor-spacer-inner\"><\/div>\n\t\t<\/div>\n\t\t\t\t\t\t<\/div>\n\t\t\t\t<\/div>\n\t\t\t\t\t<\/div>\n\t\t\t\t<\/div>\n\t\t\t\t<\/div>","protected":false},"excerpt":{"rendered":"<p>Terms and Conditions Welcome to Vortex Genesis Ai, your premier destination for automated robot trading signals. By using our services, you agree to be bound by the following Terms and Conditions. Please read them carefully before proceeding with any transactions or subscriptions. Acceptance of Terms By accessing or using Vortex Genesis Ai, you acknowledge that [&hellip;]<\/p>\n","protected":false},"author":1,"featured_media":0,"parent":0,"menu_order":0,"comment_status":"closed","ping_status":"closed","template":"","meta":{"footnotes":""},"class_list":["post-23","page","type-page","status-publish","hentry"],"_links":{"self":[{"href":"https:\/\/vortexgenesisai.live\/de\/wp-json\/wp\/v2\/pages\/23","targetHints":{"allow":["GET"]}}],"collection":[{"href":"https:\/\/vortexgenesisai.live\/de\/wp-json\/wp\/v2\/pages"}],"about":[{"href":"https:\/\/vortexgenesisai.live\/de\/wp-json\/wp\/v2\/types\/page"}],"author":[{"embeddable":true,"href":"https:\/\/vortexgenesisai.live\/de\/wp-json\/wp\/v2\/users\/1"}],"replies":[{"embeddable":true,"href":"https:\/\/vortexgenesisai.live\/de\/wp-json\/wp\/v2\/comments?post=23"}],"version-history":[{"count":118,"href":"https:\/\/vortexgenesisai.live\/de\/wp-json\/wp\/v2\/pages\/23\/revisions"}],"predecessor-version":[{"id":1636,"href":"https:\/\/vortexgenesisai.live\/de\/wp-json\/wp\/v2\/pages\/23\/revisions\/1636"}],"wp:attachment":[{"href":"https:\/\/vortexgenesisai.live\/de\/wp-json\/wp\/v2\/media?parent=23"}],"curies":[{"name":"wp","href":"https:\/\/api.w.org\/{rel}","templated":true}]}}