{"id":17,"date":"2024-11-13T10:29:54","date_gmt":"2024-11-13T10:29:54","guid":{"rendered":"https:\/\/vortexgenesisai.live\/?page_id=17"},"modified":"2025-12-30T06:39:44","modified_gmt":"2025-12-30T06:39:44","slug":"a-propos-de-nous","status":"publish","type":"page","link":"https:\/\/vortexgenesisai.live\/fr\/about-us\/","title":{"rendered":"\u00c0 propos de nous"},"content":{"rendered":"<div data-elementor-type=\"wp-page\" data-elementor-id=\"17\" class=\"elementor elementor-17\" data-elementor-post-type=\"page\">\n\t\t\t\t<div class=\"elementor-element elementor-element-6dbf383 e-flex e-con-boxed e-con e-parent\" data-id=\"6dbf383\" data-element_type=\"container\" data-e-type=\"container\" data-settings=\"{&quot;background_background&quot;:&quot;classic&quot;}\">\n\t\t\t\t\t<div class=\"e-con-inner\">\n\t\t<div class=\"elementor-element elementor-element-a0e5c2f e-con-full e-flex e-con e-child\" data-id=\"a0e5c2f\" data-element_type=\"container\" data-e-type=\"container\">\n\t\t\t\t<div class=\"elementor-element elementor-element-d0f4863 elementor-widget elementor-widget-heading\" data-id=\"d0f4863\" data-element_type=\"widget\" data-e-type=\"widget\" data-widget_type=\"heading.default\">\n\t\t\t\t<div class=\"elementor-widget-container\">\n\t\t\t\t\t<h1 class=\"elementor-heading-title elementor-size-default\">Vortex Genesis Ai : \u00c0 propos de nous<\/h1>\t\t\t\t<\/div>\n\t\t\t\t<\/div>\n\t\t\t\t<div class=\"elementor-element elementor-element-82f313e elementor-widget__width-initial elementor-widget elementor-widget-text-editor\" data-id=\"82f313e\" data-element_type=\"widget\" data-e-type=\"widget\" data-widget_type=\"text-editor.default\">\n\t\t\t\t<div class=\"elementor-widget-container\">\n\t\t\t\t\t\t\t\t\t<p>Bienvenue \u00e0 <strong>Vortex Genesis IA<\/strong>, o\u00f9 l'innovation rencontre la pr\u00e9cision dans le monde du trading automatis\u00e9. Notre mission est de donner aux traders de tous niveaux d'exp\u00e9rience les moyens de se servir d'outils avanc\u00e9s bas\u00e9s sur l'IA, con\u00e7us pour optimiser les strat\u00e9gies de trading, am\u00e9liorer la rentabilit\u00e9 et minimiser les risques sur les march\u00e9s rapides des crypto-monnaies et du Forex.<\/p>\t\t\t\t\t\t\t\t<\/div>\n\t\t\t\t<\/div>\n\t\t\t\t<\/div>\n\t\t<div class=\"elementor-element elementor-element-192bd49 e-con-full e-flex e-con e-child\" data-id=\"192bd49\" data-element_type=\"container\" data-e-type=\"container\">\n\t\t\t\t<div class=\"elementor-element elementor-element-1531911 elementor-widget__width-initial elementor-widget-mobile__width-initial elementor-widget elementor-widget-image\" data-id=\"1531911\" data-element_type=\"widget\" data-e-type=\"widget\" data-widget_type=\"image.default\">\n\t\t\t\t<div class=\"elementor-widget-container\">\n\t\t\t\t\t\t\t\t\t\t\t\t\t\t\t<img fetchpriority=\"high\" decoding=\"async\" width=\"635\" height=\"393\" src=\"https:\/\/vortexgenesisai.live\/wp-content\/uploads\/2024\/11\/image21-e1731568306683.webp\" class=\"attachment-large size-large wp-image-119\" alt=\"\u00c0 propos de nous\" srcset=\"https:\/\/vortexgenesisai.live\/wp-content\/uploads\/2024\/11\/image21-e1731568306683.webp 635w, https:\/\/vortexgenesisai.live\/wp-content\/uploads\/2024\/11\/image21-e1731568306683-300x186.webp 300w\" sizes=\"(max-width: 635px) 100vw, 635px\" \/>\t\t\t\t\t\t\t\t\t\t\t\t\t\t\t<\/div>\n\t\t\t\t<\/div>\n\t\t\t\t<\/div>\n\t\t\t\t\t<\/div>\n\t\t\t\t<\/div>\n\t\t<div class=\"elementor-element elementor-element-515e0cf e-flex e-con-boxed e-con e-parent\" data-id=\"515e0cf\" data-element_type=\"container\" data-e-type=\"container\">\n\t\t\t\t\t<div class=\"e-con-inner\">\n\t\t<div class=\"elementor-element elementor-element-837be24 e-con-full e-flex e-con e-child\" data-id=\"837be24\" data-element_type=\"container\" data-e-type=\"container\">\n\t\t\t\t<div class=\"elementor-element elementor-element-2edd4b3 elementor-widget elementor-widget-heading\" data-id=\"2edd4b3\" data-element_type=\"widget\" data-e-type=\"widget\" data-widget_type=\"heading.default\">\n\t\t\t\t<div class=\"elementor-widget-container\">\n\t\t\t\t\t<h2 class=\"elementor-heading-title elementor-size-default\">Notre mission <\/h2>\t\t\t\t<\/div>\n\t\t\t\t<\/div>\n\t\t\t\t<div class=\"elementor-element elementor-element-d422b48 elementor-widget elementor-widget-text-editor\" data-id=\"d422b48\" data-element_type=\"widget\" data-e-type=\"widget\" data-widget_type=\"text-editor.default\">\n\t\t\t\t<div class=\"elementor-widget-container\">\n\t\t\t\t\t\t\t\t\t<p>\u00c0 <strong>Vortex Genesis IA<\/strong>, nous utilisons des algorithmes de pointe et des analyses de donn\u00e9es en temps r\u00e9el pour fournir des informations exploitables et une ex\u00e9cution automatis\u00e9e des transactions. Que vous soyez un trader chevronn\u00e9 ou d\u00e9butant, notre plateforme simplifie le processus de trading, vous permettant de prendre des d\u00e9cisions \u00e9clair\u00e9es et d'atteindre vos objectifs financiers en toute confiance.<\/p>\t\t\t\t\t\t\t\t<\/div>\n\t\t\t\t<\/div>\n\t\t\t\t<\/div>\n\t\t<div class=\"elementor-element elementor-element-77f873d e-con-full e-flex e-con e-child\" data-id=\"77f873d\" data-element_type=\"container\" data-e-type=\"container\">\n\t\t\t\t<div class=\"elementor-element elementor-element-85488d5 elementor-widget elementor-widget-heading\" data-id=\"85488d5\" data-element_type=\"widget\" data-e-type=\"widget\" data-widget_type=\"heading.default\">\n\t\t\t\t<div class=\"elementor-widget-container\">\n\t\t\t\t\t<h2 class=\"elementor-heading-title elementor-size-default\">Notre vision\n<\/h2>\t\t\t\t<\/div>\n\t\t\t\t<\/div>\n\t\t\t\t<div class=\"elementor-element elementor-element-1c7d97d elementor-widget elementor-widget-text-editor\" data-id=\"1c7d97d\" data-element_type=\"widget\" data-e-type=\"widget\" data-widget_type=\"text-editor.default\">\n\t\t\t\t<div class=\"elementor-widget-container\">\n\t\t\t\t\t\t\t\t\t<p>Notre vision est de rendre la technologie de trading avanc\u00e9e accessible \u00e0 tous, quelle que soit leur exp\u00e9rience ou leur parcours. Nous pensons qu'en exploitant la puissance de l'intelligence artificielle, nous pouvons r\u00e9volutionner l'exp\u00e9rience de trading, permettant aux utilisateurs de maximiser leur potentiel sur les march\u00e9s financiers mondiaux.<\/p><h3>\u00a0<\/h3>\t\t\t\t\t\t\t\t<\/div>\n\t\t\t\t<\/div>\n\t\t\t\t<\/div>\n\t\t\t\t\t<\/div>\n\t\t\t\t<\/div>\n\t\t<div class=\"elementor-element elementor-element-9366ba4 e-flex e-con-boxed e-con e-parent\" data-id=\"9366ba4\" data-element_type=\"container\" data-e-type=\"container\">\n\t\t\t\t\t<div class=\"e-con-inner\">\n\t\t<div class=\"elementor-element elementor-element-dba322f e-con-full e-flex e-con e-child\" data-id=\"dba322f\" data-element_type=\"container\" data-e-type=\"container\" data-settings=\"{&quot;background_background&quot;:&quot;classic&quot;}\">\n\t\t<div class=\"elementor-element elementor-element-28c4bec e-con-full e-flex e-con e-child\" data-id=\"28c4bec\" data-element_type=\"container\" data-e-type=\"container\" data-settings=\"{&quot;background_background&quot;:&quot;classic&quot;}\">\n\t\t\t\t<div class=\"elementor-element elementor-element-2da771b elementor-widget__width-initial elementor-widget-mobile__width-initial elementor-widget elementor-widget-text-editor\" data-id=\"2da771b\" data-element_type=\"widget\" data-e-type=\"widget\" data-widget_type=\"text-editor.default\">\n\t\t\t\t<div class=\"elementor-widget-container\">\n\t\t\t\t\t\t\t\t\t<p>Rejoignez Vortex Genesis AI d\u00e8s aujourd'hui et commencez votre parcours vers un trading plus intelligent et automatis\u00e9. Gr\u00e2ce \u00e0 nos outils puissants et \u00e0 nos informations en temps r\u00e9el, vous serez \u00e9quip\u00e9 pour naviguer dans les complexit\u00e9s des march\u00e9s financiers et faire passer votre trading au niveau sup\u00e9rieur.<\/p>\t\t\t\t\t\t\t\t<\/div>\n\t\t\t\t<\/div>\n\t\t\t\t<div class=\"elementor-element elementor-element-157c042 elementor-align-justify elementor-widget__width-initial elementor-widget-mobile__width-initial elementor-widget elementor-widget-button\" data-id=\"157c042\" data-element_type=\"widget\" data-e-type=\"widget\" data-widget_type=\"button.default\">\n\t\t\t\t<div class=\"elementor-widget-container\">\n\t\t\t\t\t\t\t\t\t<div class=\"elementor-button-wrapper\">\n\t\t\t\t\t<a class=\"elementor-button elementor-button-link elementor-size-sm elementor-animation-grow\" href=\"https:\/\/vortexgenesisai.live\/fr\/contactez-nous\/#form\">\n\t\t\t\t\t\t<span class=\"elementor-button-content-wrapper\">\n\t\t\t\t\t\t\t\t\t<span class=\"elementor-button-text\">Rejoignez-nous<\/span>\n\t\t\t\t\t<\/span>\n\t\t\t\t\t<\/a>\n\t\t\t\t<\/div>\n\t\t\t\t\t\t\t\t<\/div>\n\t\t\t\t<\/div>\n\t\t<div class=\"elementor-element elementor-element-4a69110 e-con-full elementor-hidden-mobile e-flex e-con e-child\" data-id=\"4a69110\" data-element_type=\"container\" data-e-type=\"container\">\n\t\t\t\t<div class=\"elementor-element elementor-element-bb91b4f elementor-widget__width-initial elementor-widget-mobile__width-initial elementor-widget elementor-widget-image\" data-id=\"bb91b4f\" data-element_type=\"widget\" data-e-type=\"widget\" data-widget_type=\"image.default\">\n\t\t\t\t<div class=\"elementor-widget-container\">\n\t\t\t\t\t\t\t\t\t\t\t\t\t\t\t<img decoding=\"async\" width=\"480\" height=\"377\" src=\"https:\/\/vortexgenesisai.live\/wp-content\/uploads\/2024\/11\/About-us-vertox.webp\" class=\"attachment-large size-large wp-image-517\" alt=\"vortex genesis ai withdrawl\" srcset=\"https:\/\/vortexgenesisai.live\/wp-content\/uploads\/2024\/11\/About-us-vertox.webp 480w, https:\/\/vortexgenesisai.live\/wp-content\/uploads\/2024\/11\/About-us-vertox-300x236.webp 300w\" sizes=\"(max-width: 480px) 100vw, 480px\" \/>\t\t\t\t\t\t\t\t\t\t\t\t\t\t\t<\/div>\n\t\t\t\t<\/div>\n\t\t\t\t<\/div>\n\t\t\t\t<\/div>\n\t\t\t\t<\/div>\n\t\t\t\t\t<\/div>\n\t\t\t\t<\/div>\n\t\t<div class=\"elementor-element elementor-element-f5cd604 e-flex e-con-boxed e-con e-parent\" data-id=\"f5cd604\" data-element_type=\"container\" data-e-type=\"container\">\n\t\t\t\t\t<div class=\"e-con-inner\">\n\t\t\t\t<div class=\"elementor-element elementor-element-7057f5b elementor-widget elementor-widget-spacer\" data-id=\"7057f5b\" data-element_type=\"widget\" data-e-type=\"widget\" data-widget_type=\"spacer.default\">\n\t\t\t\t<div class=\"elementor-widget-container\">\n\t\t\t\t\t\t\t<div class=\"elementor-spacer\">\n\t\t\t<div class=\"elementor-spacer-inner\"><\/div>\n\t\t<\/div>\n\t\t\t\t\t\t<\/div>\n\t\t\t\t<\/div>\n\t\t\t\t\t<\/div>\n\t\t\t\t<\/div>\n\t\t\t\t<\/div>","protected":false},"excerpt":{"rendered":"<p>Vortex Genesis Ai: About Us Welcome to Vortex Genesis AI, where innovation meets precision in the world of automated trading. Our mission is to empower traders of all experience levels by providing them with advanced AI-powered tools designed to optimize trading strategies, enhance profitability, and minimize risks in the fast-paced cryptocurrency and forex markets. Our [&hellip;]<\/p>\n","protected":false},"author":1,"featured_media":0,"parent":0,"menu_order":0,"comment_status":"closed","ping_status":"closed","template":"elementor_header_footer","meta":{"footnotes":""},"class_list":["post-17","page","type-page","status-publish","hentry"],"_links":{"self":[{"href":"https:\/\/vortexgenesisai.live\/fr\/wp-json\/wp\/v2\/pages\/17","targetHints":{"allow":["GET"]}}],"collection":[{"href":"https:\/\/vortexgenesisai.live\/fr\/wp-json\/wp\/v2\/pages"}],"about":[{"href":"https:\/\/vortexgenesisai.live\/fr\/wp-json\/wp\/v2\/types\/page"}],"author":[{"embeddable":true,"href":"https:\/\/vortexgenesisai.live\/fr\/wp-json\/wp\/v2\/users\/1"}],"replies":[{"embeddable":true,"href":"https:\/\/vortexgenesisai.live\/fr\/wp-json\/wp\/v2\/comments?post=17"}],"version-history":[{"count":110,"href":"https:\/\/vortexgenesisai.live\/fr\/wp-json\/wp\/v2\/pages\/17\/revisions"}],"predecessor-version":[{"id":1627,"href":"https:\/\/vortexgenesisai.live\/fr\/wp-json\/wp\/v2\/pages\/17\/revisions\/1627"}],"wp:attachment":[{"href":"https:\/\/vortexgenesisai.live\/fr\/wp-json\/wp\/v2\/media?parent=17"}],"curies":[{"name":"wp","href":"https:\/\/api.w.org\/{rel}","templated":true}]}}