{"id":21,"date":"2024-11-13T10:30:27","date_gmt":"2024-11-13T10:30:27","guid":{"rendered":"https:\/\/vortexgenesisai.live\/?page_id=21"},"modified":"2025-12-30T06:45:48","modified_gmt":"2025-12-30T06:45:48","slug":"politique-de-confidentialite","status":"publish","type":"page","link":"https:\/\/vortexgenesisai.live\/fr\/privacy-policy\/","title":{"rendered":"politique de confidentialit\u00e9"},"content":{"rendered":"<div data-elementor-type=\"wp-page\" data-elementor-id=\"21\" class=\"elementor elementor-21\" data-elementor-post-type=\"page\">\n\t\t\t\t<div class=\"elementor-element elementor-element-7ada8f3 e-flex e-con-boxed e-con e-parent\" data-id=\"7ada8f3\" data-element_type=\"container\" data-e-type=\"container\" data-settings=\"{&quot;background_background&quot;:&quot;classic&quot;}\">\n\t\t\t\t\t<div class=\"e-con-inner\">\n\t\t<div class=\"elementor-element elementor-element-69f28de e-con-full e-flex e-con e-child\" data-id=\"69f28de\" data-element_type=\"container\" data-e-type=\"container\">\n\t\t\t\t<div class=\"elementor-element elementor-element-d7ec87e elementor-widget elementor-widget-heading\" data-id=\"d7ec87e\" data-element_type=\"widget\" data-e-type=\"widget\" data-widget_type=\"heading.default\">\n\t\t\t\t<div class=\"elementor-widget-container\">\n\t\t\t\t\t<h1 class=\"elementor-heading-title elementor-size-default\">politique de confidentialit\u00e9\n<\/h1>\t\t\t\t<\/div>\n\t\t\t\t<\/div>\n\t\t\t\t<div class=\"elementor-element elementor-element-f192dfa elementor-widget__width-initial elementor-widget elementor-widget-text-editor\" data-id=\"f192dfa\" data-element_type=\"widget\" data-e-type=\"widget\" data-widget_type=\"text-editor.default\">\n\t\t\t\t<div class=\"elementor-widget-container\">\n\t\t\t\t\t\t\t\t\t<p>Cette politique de confidentialit\u00e9 s'applique \u00e0 <strong>Vortex Genesis Ai<\/strong> (ci-apr\u00e8s d\u00e9nomm\u00e9e \u00ab\u00a0Application\u00a0\u00bb) pour appareils mobiles (ci-apr\u00e8s d\u00e9nomm\u00e9e \u00ab\u00a0Fournisseur de services\u00a0\u00bb) est un service gratuit. Ce service est destin\u00e9 \u00e0 \u00eatre utilis\u00e9 \u00ab\u00a0EN L'\u00c9TAT\u00a0\u00bb.<\/p>\t\t\t\t\t\t\t\t<\/div>\n\t\t\t\t<\/div>\n\t\t\t\t<\/div>\n\t\t<div class=\"elementor-element elementor-element-f65be01 e-con-full e-flex e-con e-child\" data-id=\"f65be01\" data-element_type=\"container\" data-e-type=\"container\">\n\t\t\t\t<div class=\"elementor-element elementor-element-4fe7285 elementor-widget__width-initial elementor-widget-tablet__width-initial elementor-widget-mobile__width-initial elementor-widget elementor-widget-image\" data-id=\"4fe7285\" data-element_type=\"widget\" data-e-type=\"widget\" data-widget_type=\"image.default\">\n\t\t\t\t<div class=\"elementor-widget-container\">\n\t\t\t\t\t\t\t\t\t\t\t\t\t\t\t<img fetchpriority=\"high\" decoding=\"async\" width=\"500\" height=\"499\" src=\"https:\/\/vortexgenesisai.live\/wp-content\/uploads\/2024\/11\/image23.webp\" class=\"attachment-large size-large wp-image-121\" alt=\"March\u00e9 de l&#039;IA Vortex Genesis\" srcset=\"https:\/\/vortexgenesisai.live\/wp-content\/uploads\/2024\/11\/image23.webp 500w, https:\/\/vortexgenesisai.live\/wp-content\/uploads\/2024\/11\/image23-300x300.webp 300w, https:\/\/vortexgenesisai.live\/wp-content\/uploads\/2024\/11\/image23-150x150.webp 150w\" sizes=\"(max-width: 500px) 100vw, 500px\" \/>\t\t\t\t\t\t\t\t\t\t\t\t\t\t\t<\/div>\n\t\t\t\t<\/div>\n\t\t\t\t<\/div>\n\t\t\t\t\t<\/div>\n\t\t\t\t<\/div>\n\t\t<div class=\"elementor-element elementor-element-1e213bc e-flex e-con-boxed e-con e-parent\" data-id=\"1e213bc\" data-element_type=\"container\" data-e-type=\"container\">\n\t\t\t\t\t<div class=\"e-con-inner\">\n\t\t\t\t<div class=\"elementor-element elementor-element-c7df720 elementor-widget elementor-widget-spacer\" data-id=\"c7df720\" data-element_type=\"widget\" data-e-type=\"widget\" data-widget_type=\"spacer.default\">\n\t\t\t\t<div class=\"elementor-widget-container\">\n\t\t\t\t\t\t\t<div class=\"elementor-spacer\">\n\t\t\t<div class=\"elementor-spacer-inner\"><\/div>\n\t\t<\/div>\n\t\t\t\t\t\t<\/div>\n\t\t\t\t<\/div>\n\t\t\t\t<div class=\"elementor-element elementor-element-7a3b74c elementor-widget elementor-widget-heading\" data-id=\"7a3b74c\" data-element_type=\"widget\" data-e-type=\"widget\" data-widget_type=\"heading.default\">\n\t\t\t\t<div class=\"elementor-widget-container\">\n\t\t\t\t\t<h2 class=\"elementor-heading-title elementor-size-default\">Collecte et utilisation des informations\n<\/h2>\t\t\t\t<\/div>\n\t\t\t\t<\/div>\n\t\t\t\t<div class=\"elementor-element elementor-element-43468ad elementor-widget elementor-widget-text-editor\" data-id=\"43468ad\" data-element_type=\"widget\" data-e-type=\"widget\" data-widget_type=\"text-editor.default\">\n\t\t\t\t<div class=\"elementor-widget-container\">\n\t\t\t\t\t\t\t\t\t<p>L'application collecte des informations lorsque vous la t\u00e9l\u00e9chargez et l'utilisez. Ces informations peuvent inclure des informations telles que<\/p><ul><li>L'adresse IP (Internet Protocol) de votre appareil<\/li><li>Le temps pass\u00e9 sur l'application<\/li><li>Le syst\u00e8me d'exploitation que vous utilisez sur votre appareil mobile<\/li><\/ul><p>L'Application ne collecte pas d'informations pr\u00e9cises sur la localisation de votre appareil mobile.<\/p><p>Le fournisseur de services peut utiliser les informations que vous avez fournies pour vous contacter de temps \u00e0 autre afin de vous fournir des informations importantes, des avis obligatoires et des promotions marketing.<\/p><p>Pour une meilleure exp\u00e9rience, lors de l'utilisation de l'application, le fournisseur de services peut vous demander de nous fournir certaines informations personnelles identifiables, y compris, mais sans s'y limiter, le pr\u00e9nom, le nom, l'e-mail, le num\u00e9ro de t\u00e9l\u00e9phone. Les informations demand\u00e9es par le fournisseur de services seront conserv\u00e9es par lui et utilis\u00e9es comme d\u00e9crit dans la pr\u00e9sente politique de confidentialit\u00e9.<\/p>\t\t\t\t\t\t\t\t<\/div>\n\t\t\t\t<\/div>\n\t\t\t\t<div class=\"elementor-element elementor-element-0d8891d elementor-widget elementor-widget-heading\" data-id=\"0d8891d\" data-element_type=\"widget\" data-e-type=\"widget\" data-widget_type=\"heading.default\">\n\t\t\t\t<div class=\"elementor-widget-container\">\n\t\t\t\t\t<h2 class=\"elementor-heading-title elementor-size-default\">Informations que nous collectons\n<\/h2>\t\t\t\t<\/div>\n\t\t\t\t<\/div>\n\t\t\t\t<div class=\"elementor-element elementor-element-cd8e446 elementor-widget elementor-widget-text-editor\" data-id=\"cd8e446\" data-element_type=\"widget\" data-e-type=\"widget\" data-widget_type=\"text-editor.default\">\n\t\t\t\t<div class=\"elementor-widget-container\">\n\t\t\t\t\t\t\t\t\t<p>Les informations personnelles que vous \u00eates invit\u00e9 \u00e0 fournir et les raisons pour lesquelles vous \u00eates invit\u00e9 \u00e0 les fournir vous seront clairement indiqu\u00e9es au moment o\u00f9 nous vous demanderons de fournir vos informations personnelles. Si vous nous contactez directement, nous pouvons recevoir des informations suppl\u00e9mentaires vous concernant, telles que votre nom, votre adresse e-mail, votre num\u00e9ro de t\u00e9l\u00e9phone, le contenu du message et\/ou des pi\u00e8ces jointes que vous pouvez nous envoyer, ainsi que toute autre information que vous pouvez choisir de fournir. Lorsque vous cr\u00e9ez un compte, nous pouvons vous demander vos coordonn\u00e9es, notamment des \u00e9l\u00e9ments tels que votre nom, le nom de votre entreprise, votre adresse, votre adresse e-mail et votre num\u00e9ro de t\u00e9l\u00e9phone.<\/p>\t\t\t\t\t\t\t\t<\/div>\n\t\t\t\t<\/div>\n\t\t\t\t<div class=\"elementor-element elementor-element-c0b4f42 elementor-widget elementor-widget-heading\" data-id=\"c0b4f42\" data-element_type=\"widget\" data-e-type=\"widget\" data-widget_type=\"heading.default\">\n\t\t\t\t<div class=\"elementor-widget-container\">\n\t\t\t\t\t<h2 class=\"elementor-heading-title elementor-size-default\">Acc\u00e8s des tiers<\/h2>\t\t\t\t<\/div>\n\t\t\t\t<\/div>\n\t\t\t\t<div class=\"elementor-element elementor-element-402f541 elementor-widget elementor-widget-text-editor\" data-id=\"402f541\" data-element_type=\"widget\" data-e-type=\"widget\" data-widget_type=\"text-editor.default\">\n\t\t\t\t<div class=\"elementor-widget-container\">\n\t\t\t\t\t\t\t\t\t<p>Seules des donn\u00e9es agr\u00e9g\u00e9es et anonymis\u00e9es sont p\u00e9riodiquement transmises \u00e0 des services externes pour aider le fournisseur de services \u00e0 am\u00e9liorer l'application et son service. Le fournisseur de services peut partager vos informations avec des tiers de la mani\u00e8re d\u00e9crite dans la pr\u00e9sente d\u00e9claration de confidentialit\u00e9.<\/p><p>Veuillez noter que l'application utilise des services tiers qui ont leur propre politique de confidentialit\u00e9 concernant le traitement des donn\u00e9es. Vous trouverez ci-dessous les liens vers la politique de confidentialit\u00e9 des fournisseurs de services tiers utilis\u00e9s par l'application :<\/p><ul><li>Services Google Play<br \/>Le fournisseur de services peut divulguer les informations fournies par l'utilisateur et collect\u00e9es automatiquement :<\/li><li>comme l\u2019exige la loi, par exemple pour se conformer \u00e0 une assignation \u00e0 compara\u00eetre ou \u00e0 une proc\u00e9dure judiciaire similaire\u00a0;<\/li><li>lorsqu\u2019ils croient de bonne foi que la divulgation est n\u00e9cessaire pour prot\u00e9ger leurs droits, prot\u00e9ger votre s\u00e9curit\u00e9 ou celle d\u2019autrui, enqu\u00eater sur une fraude ou r\u00e9pondre \u00e0 une demande du gouvernement\u00a0;<\/li><li>avec leurs prestataires de services de confiance qui travaillent en leur nom, n'ont pas d'utilisation ind\u00e9pendante des informations que nous leur divulguons et ont accept\u00e9 de respecter les r\u00e8gles \u00e9nonc\u00e9es dans la pr\u00e9sente d\u00e9claration de confidentialit\u00e9.<\/li><\/ul>\t\t\t\t\t\t\t\t<\/div>\n\t\t\t\t<\/div>\n\t\t\t\t<div class=\"elementor-element elementor-element-863f915 elementor-widget elementor-widget-heading\" data-id=\"863f915\" data-element_type=\"widget\" data-e-type=\"widget\" data-widget_type=\"heading.default\">\n\t\t\t\t<div class=\"elementor-widget-container\">\n\t\t\t\t\t<h2 class=\"elementor-heading-title elementor-size-default\">Droits de retrait\n<\/h2>\t\t\t\t<\/div>\n\t\t\t\t<\/div>\n\t\t\t\t<div class=\"elementor-element elementor-element-3211013 elementor-widget elementor-widget-text-editor\" data-id=\"3211013\" data-element_type=\"widget\" data-e-type=\"widget\" data-widget_type=\"text-editor.default\">\n\t\t\t\t<div class=\"elementor-widget-container\">\n\t\t\t\t\t\t\t\t\tVous pouvez facilement mettre fin \u00e0 toute collecte d'informations par l'application en la d\u00e9sinstallant. Vous pouvez utiliser les processus de d\u00e9sinstallation standard disponibles sur votre appareil mobile ou via le march\u00e9 ou le r\u00e9seau d'applications mobiles.\n\n\t\t\t\t\t\t\t\t<\/div>\n\t\t\t\t<\/div>\n\t\t\t\t<div class=\"elementor-element elementor-element-b1c1d3d elementor-widget elementor-widget-heading\" data-id=\"b1c1d3d\" data-element_type=\"widget\" data-e-type=\"widget\" data-widget_type=\"heading.default\">\n\t\t\t\t<div class=\"elementor-widget-container\">\n\t\t\t\t\t<h2 class=\"elementor-heading-title elementor-size-default\">Politique de conservation des donn\u00e9es\n<\/h2>\t\t\t\t<\/div>\n\t\t\t\t<\/div>\n\t\t\t\t<div class=\"elementor-element elementor-element-70936ec elementor-widget elementor-widget-text-editor\" data-id=\"70936ec\" data-element_type=\"widget\" data-e-type=\"widget\" data-widget_type=\"text-editor.default\">\n\t\t\t\t<div class=\"elementor-widget-container\">\n\t\t\t\t\t\t\t\t\t<p>Le fournisseur de services conservera les donn\u00e9es fournies par l'utilisateur aussi longtemps que vous utiliserez l'application et pendant une dur\u00e9e raisonnable par la suite. Si vous souhaitez qu'il supprime les donn\u00e9es fournies par l'utilisateur que vous avez fournies via l'application, veuillez le contacter \u00e0 l'adresse <a href=\"mailto:support@vortexgenesisai.live\">support@vortexgenesisai.live<\/a> et ils r\u00e9pondront dans un d\u00e9lai raisonnable.<\/p>\t\t\t\t\t\t\t\t<\/div>\n\t\t\t\t<\/div>\n\t\t\t\t<div class=\"elementor-element elementor-element-540cbd2 elementor-widget elementor-widget-heading\" data-id=\"540cbd2\" data-element_type=\"widget\" data-e-type=\"widget\" data-widget_type=\"heading.default\">\n\t\t\t\t<div class=\"elementor-widget-container\">\n\t\t\t\t\t<h2 class=\"elementor-heading-title elementor-size-default\">Enfants<\/h2>\t\t\t\t<\/div>\n\t\t\t\t<\/div>\n\t\t\t\t<div class=\"elementor-element elementor-element-6927033 elementor-widget elementor-widget-text-editor\" data-id=\"6927033\" data-element_type=\"widget\" data-e-type=\"widget\" data-widget_type=\"text-editor.default\">\n\t\t\t\t<div class=\"elementor-widget-container\">\n\t\t\t\t\t\t\t\t\t<p>Le fournisseur de services n'utilise pas l'application pour solliciter sciemment des donn\u00e9es ou faire du marketing aupr\u00e8s d'enfants de moins de 18 ans.<\/p><p>L'application ne s'adresse pas aux personnes de moins de 18 ans. Le fournisseur de services ne collecte pas sciemment d'informations personnelles identifiables aupr\u00e8s d'enfants de moins de 18 ans. Dans le cas o\u00f9 le fournisseur de services d\u00e9couvre qu'un enfant de moins de 18 ans a fourni des informations personnelles, le fournisseur de services les supprimera imm\u00e9diatement de ses serveurs. Si vous \u00eates un parent ou un tuteur et que vous savez que votre enfant nous a fourni des informations personnelles, veuillez contacter le fournisseur de services (<a href=\"mailto:support@vortexgenesisai.live\">support@vortexgenesisai.live<\/a>) afin qu\u2019ils puissent prendre les mesures n\u00e9cessaires.<\/p>\t\t\t\t\t\t\t\t<\/div>\n\t\t\t\t<\/div>\n\t\t\t\t<div class=\"elementor-element elementor-element-b494704 elementor-widget elementor-widget-heading\" data-id=\"b494704\" data-element_type=\"widget\" data-e-type=\"widget\" data-widget_type=\"heading.default\">\n\t\t\t\t<div class=\"elementor-widget-container\">\n\t\t\t\t\t<h2 class=\"elementor-heading-title elementor-size-default\">S\u00e9curit\u00e9\n<\/h2>\t\t\t\t<\/div>\n\t\t\t\t<\/div>\n\t\t\t\t<div class=\"elementor-element elementor-element-287952f elementor-widget elementor-widget-text-editor\" data-id=\"287952f\" data-element_type=\"widget\" data-e-type=\"widget\" data-widget_type=\"text-editor.default\">\n\t\t\t\t<div class=\"elementor-widget-container\">\n\t\t\t\t\t\t\t\t\t<p>Le prestataire de services est soucieux de pr\u00e9server la confidentialit\u00e9 de vos informations. Le prestataire de services fournit des mesures de protection physiques, \u00e9lectroniques et proc\u00e9durales pour prot\u00e9ger les informations qu'il traite et conserve.<\/p>\t\t\t\t\t\t\t\t<\/div>\n\t\t\t\t<\/div>\n\t\t\t\t<div class=\"elementor-element elementor-element-101449c elementor-widget elementor-widget-heading\" data-id=\"101449c\" data-element_type=\"widget\" data-e-type=\"widget\" data-widget_type=\"heading.default\">\n\t\t\t\t<div class=\"elementor-widget-container\">\n\t\t\t\t\t<h2 class=\"elementor-heading-title elementor-size-default\">Changements\n<\/h2>\t\t\t\t<\/div>\n\t\t\t\t<\/div>\n\t\t\t\t<div class=\"elementor-element elementor-element-2231da5 elementor-widget elementor-widget-text-editor\" data-id=\"2231da5\" data-element_type=\"widget\" data-e-type=\"widget\" data-widget_type=\"text-editor.default\">\n\t\t\t\t<div class=\"elementor-widget-container\">\n\t\t\t\t\t\t\t\t\t<p>Cette politique de confidentialit\u00e9 peut \u00eatre mise \u00e0 jour de temps \u00e0 autre pour quelque raison que ce soit. Le fournisseur de services vous informera de toute modification apport\u00e9e \u00e0 la politique de confidentialit\u00e9 en mettant \u00e0 jour cette page avec la nouvelle politique de confidentialit\u00e9. Il vous est conseill\u00e9 de consulter r\u00e9guli\u00e8rement cette politique de confidentialit\u00e9 pour prendre connaissance de tout changement, car l'utilisation continue est consid\u00e9r\u00e9e comme une approbation de tous les changements.<\/p><p>Cette politique de confidentialit\u00e9 est en vigueur \u00e0 compter du 01\/01\/2024<\/p>\t\t\t\t\t\t\t\t<\/div>\n\t\t\t\t<\/div>\n\t\t\t\t<div class=\"elementor-element elementor-element-ad22b25 elementor-widget elementor-widget-heading\" data-id=\"ad22b25\" data-element_type=\"widget\" data-e-type=\"widget\" data-widget_type=\"heading.default\">\n\t\t\t\t<div class=\"elementor-widget-container\">\n\t\t\t\t\t<h2 class=\"elementor-heading-title elementor-size-default\">Votre consentement\n<\/h2>\t\t\t\t<\/div>\n\t\t\t\t<\/div>\n\t\t\t\t<div class=\"elementor-element elementor-element-197270f elementor-widget elementor-widget-text-editor\" data-id=\"197270f\" data-element_type=\"widget\" data-e-type=\"widget\" data-widget_type=\"text-editor.default\">\n\t\t\t\t<div class=\"elementor-widget-container\">\n\t\t\t\t\t\t\t\t\tEn utilisant l'Application, vous consentez au traitement de vos informations comme indiqu\u00e9 dans la pr\u00e9sente Politique de confidentialit\u00e9 actuelle et telle que modifi\u00e9e par nous.\n\n\t\t\t\t\t\t\t\t<\/div>\n\t\t\t\t<\/div>\n\t\t\t\t<div class=\"elementor-element elementor-element-8300568 elementor-widget elementor-widget-heading\" data-id=\"8300568\" data-element_type=\"widget\" data-e-type=\"widget\" data-widget_type=\"heading.default\">\n\t\t\t\t<div class=\"elementor-widget-container\">\n\t\t\t\t\t<h2 class=\"elementor-heading-title elementor-size-default\">Informations que nous collectons<\/h2>\t\t\t\t<\/div>\n\t\t\t\t<\/div>\n\t\t\t\t<div class=\"elementor-element elementor-element-5fb9ced elementor-widget elementor-widget-text-editor\" data-id=\"5fb9ced\" data-element_type=\"widget\" data-e-type=\"widget\" data-widget_type=\"text-editor.default\">\n\t\t\t\t<div class=\"elementor-widget-container\">\n\t\t\t\t\t\t\t\t\t<p>Les informations personnelles que vous \u00eates invit\u00e9 \u00e0 fournir et les raisons pour lesquelles vous \u00eates invit\u00e9 \u00e0 les fournir vous seront clairement indiqu\u00e9es au moment o\u00f9 nous vous demanderons de fournir vos informations personnelles. Si vous nous contactez directement, nous pouvons recevoir des informations suppl\u00e9mentaires vous concernant, telles que votre nom, votre adresse e-mail, votre num\u00e9ro de t\u00e9l\u00e9phone, le contenu du message et\/ou des pi\u00e8ces jointes que vous pouvez nous envoyer, ainsi que toute autre information que vous pouvez choisir de fournir. Lorsque vous cr\u00e9ez un compte, nous pouvons vous demander vos coordonn\u00e9es, notamment des \u00e9l\u00e9ments tels que votre nom, le nom de votre entreprise, votre adresse, votre adresse e-mail et votre num\u00e9ro de t\u00e9l\u00e9phone.<\/p>\t\t\t\t\t\t\t\t<\/div>\n\t\t\t\t<\/div>\n\t\t\t\t<div class=\"elementor-element elementor-element-5447fb5 elementor-widget elementor-widget-heading\" data-id=\"5447fb5\" data-element_type=\"widget\" data-e-type=\"widget\" data-widget_type=\"heading.default\">\n\t\t\t\t<div class=\"elementor-widget-container\">\n\t\t\t\t\t<h2 class=\"elementor-heading-title elementor-size-default\">Contactez-nous\n<\/h2>\t\t\t\t<\/div>\n\t\t\t\t<\/div>\n\t\t\t\t<div class=\"elementor-element elementor-element-fe1fe25 elementor-widget elementor-widget-text-editor\" data-id=\"fe1fe25\" data-element_type=\"widget\" data-e-type=\"widget\" data-widget_type=\"text-editor.default\">\n\t\t\t\t<div class=\"elementor-widget-container\">\n\t\t\t\t\t\t\t\t\t<p>Si vous avez des questions concernant la confidentialit\u00e9 lors de l'utilisation de l'application, ou si vous avez des questions sur les pratiques, veuillez contacter le fournisseur de services par e-mail \u00e0 <a href=\"mailto:support@vortexgenesisai.live\">support@vortexgenesisai.live<\/a><\/p>\t\t\t\t\t\t\t\t<\/div>\n\t\t\t\t<\/div>\n\t\t\t\t<div class=\"elementor-element elementor-element-bcbe08e elementor-widget elementor-widget-spacer\" data-id=\"bcbe08e\" data-element_type=\"widget\" data-e-type=\"widget\" data-widget_type=\"spacer.default\">\n\t\t\t\t<div class=\"elementor-widget-container\">\n\t\t\t\t\t\t\t<div class=\"elementor-spacer\">\n\t\t\t<div class=\"elementor-spacer-inner\"><\/div>\n\t\t<\/div>\n\t\t\t\t\t\t<\/div>\n\t\t\t\t<\/div>\n\t\t\t\t\t<\/div>\n\t\t\t\t<\/div>\n\t\t\t\t<\/div>","protected":false},"excerpt":{"rendered":"<p>Privacy Policy This privacy policy applies to the Vortex Genesis Ai (hereby referred to as \u201cApplication\u201d) for mobile devices (hereby referred to as \u201cService Provider\u201d) as a Free service. This service is intended for use \u201cAS IS\u201d. Information Collection and Use The Application collects information when you download and use it. This information may include [&hellip;]<\/p>\n","protected":false},"author":1,"featured_media":0,"parent":0,"menu_order":0,"comment_status":"closed","ping_status":"closed","template":"","meta":{"footnotes":""},"class_list":["post-21","page","type-page","status-publish","hentry"],"_links":{"self":[{"href":"https:\/\/vortexgenesisai.live\/fr\/wp-json\/wp\/v2\/pages\/21","targetHints":{"allow":["GET"]}}],"collection":[{"href":"https:\/\/vortexgenesisai.live\/fr\/wp-json\/wp\/v2\/pages"}],"about":[{"href":"https:\/\/vortexgenesisai.live\/fr\/wp-json\/wp\/v2\/types\/page"}],"author":[{"embeddable":true,"href":"https:\/\/vortexgenesisai.live\/fr\/wp-json\/wp\/v2\/users\/1"}],"replies":[{"embeddable":true,"href":"https:\/\/vortexgenesisai.live\/fr\/wp-json\/wp\/v2\/comments?post=21"}],"version-history":[{"count":142,"href":"https:\/\/vortexgenesisai.live\/fr\/wp-json\/wp\/v2\/pages\/21\/revisions"}],"predecessor-version":[{"id":1633,"href":"https:\/\/vortexgenesisai.live\/fr\/wp-json\/wp\/v2\/pages\/21\/revisions\/1633"}],"wp:attachment":[{"href":"https:\/\/vortexgenesisai.live\/fr\/wp-json\/wp\/v2\/media?parent=21"}],"curies":[{"name":"wp","href":"https:\/\/api.w.org\/{rel}","templated":true}]}}