{"id":23,"date":"2024-11-13T10:30:59","date_gmt":"2024-11-13T10:30:59","guid":{"rendered":"https:\/\/vortexgenesisai.live\/?page_id=23"},"modified":"2025-12-30T06:49:05","modified_gmt":"2025-12-30T06:49:05","slug":"termes-et-conditions","status":"publish","type":"page","link":"https:\/\/vortexgenesisai.live\/fr\/terms-and-conditions\/","title":{"rendered":"Termes et conditions"},"content":{"rendered":"<div data-elementor-type=\"wp-page\" data-elementor-id=\"23\" class=\"elementor elementor-23\" data-elementor-post-type=\"page\">\n\t\t\t\t<div class=\"elementor-element elementor-element-b9c5d79 e-flex e-con-boxed e-con e-parent\" data-id=\"b9c5d79\" data-element_type=\"container\" data-e-type=\"container\" data-settings=\"{&quot;background_background&quot;:&quot;classic&quot;}\">\n\t\t\t\t\t<div class=\"e-con-inner\">\n\t\t<div class=\"elementor-element elementor-element-f9215ae e-con-full e-flex e-con e-child\" data-id=\"f9215ae\" data-element_type=\"container\" data-e-type=\"container\">\n\t\t\t\t<div class=\"elementor-element elementor-element-6823f95 elementor-widget elementor-widget-heading\" data-id=\"6823f95\" data-element_type=\"widget\" data-e-type=\"widget\" data-widget_type=\"heading.default\">\n\t\t\t\t<div class=\"elementor-widget-container\">\n\t\t\t\t\t<h1 class=\"elementor-heading-title elementor-size-default\">Termes et conditions<\/h1>\t\t\t\t<\/div>\n\t\t\t\t<\/div>\n\t\t\t\t<div class=\"elementor-element elementor-element-5d074b0 elementor-widget__width-initial elementor-widget elementor-widget-text-editor\" data-id=\"5d074b0\" data-element_type=\"widget\" data-e-type=\"widget\" data-widget_type=\"text-editor.default\">\n\t\t\t\t<div class=\"elementor-widget-container\">\n\t\t\t\t\t\t\t\t\t<p>Bienvenue \u00e0 <strong>Vortex Genesis Ai<\/strong>, votre r\u00e9f\u00e9rence pour les signaux de trading automatis\u00e9s. En utilisant nos services, vous acceptez les conditions g\u00e9n\u00e9rales suivantes. Veuillez les lire attentivement avant toute transaction ou souscription.<\/p>\t\t\t\t\t\t\t\t<\/div>\n\t\t\t\t<\/div>\n\t\t\t\t<\/div>\n\t\t<div class=\"elementor-element elementor-element-71cb126 e-con-full e-flex e-con e-child\" data-id=\"71cb126\" data-element_type=\"container\" data-e-type=\"container\">\n\t\t\t\t<div class=\"elementor-element elementor-element-0e6c147 elementor-widget__width-initial elementor-widget-mobile__width-initial elementor-widget elementor-widget-image\" data-id=\"0e6c147\" data-element_type=\"widget\" data-e-type=\"widget\" data-widget_type=\"image.default\">\n\t\t\t\t<div class=\"elementor-widget-container\">\n\t\t\t\t\t\t\t\t\t\t\t\t\t\t\t<img fetchpriority=\"high\" decoding=\"async\" width=\"500\" height=\"499\" src=\"https:\/\/vortexgenesisai.live\/wp-content\/uploads\/2024\/11\/image23.webp\" class=\"attachment-large size-large wp-image-121\" alt=\"March\u00e9 de l&#039;IA Vortex Genesis\" srcset=\"https:\/\/vortexgenesisai.live\/wp-content\/uploads\/2024\/11\/image23.webp 500w, https:\/\/vortexgenesisai.live\/wp-content\/uploads\/2024\/11\/image23-300x300.webp 300w, https:\/\/vortexgenesisai.live\/wp-content\/uploads\/2024\/11\/image23-150x150.webp 150w\" sizes=\"(max-width: 500px) 100vw, 500px\" \/>\t\t\t\t\t\t\t\t\t\t\t\t\t\t\t<\/div>\n\t\t\t\t<\/div>\n\t\t\t\t<\/div>\n\t\t\t\t\t<\/div>\n\t\t\t\t<\/div>\n\t\t<div class=\"elementor-element elementor-element-260e9a9 e-flex e-con-boxed e-con e-parent\" data-id=\"260e9a9\" data-element_type=\"container\" data-e-type=\"container\">\n\t\t\t\t\t<div class=\"e-con-inner\">\n\t\t\t\t<div class=\"elementor-element elementor-element-81f0abf elementor-widget elementor-widget-spacer\" data-id=\"81f0abf\" data-element_type=\"widget\" data-e-type=\"widget\" data-widget_type=\"spacer.default\">\n\t\t\t\t<div class=\"elementor-widget-container\">\n\t\t\t\t\t\t\t<div class=\"elementor-spacer\">\n\t\t\t<div class=\"elementor-spacer-inner\"><\/div>\n\t\t<\/div>\n\t\t\t\t\t\t<\/div>\n\t\t\t\t<\/div>\n\t\t\t\t<div class=\"elementor-element elementor-element-ea0c853 elementor-widget elementor-widget-text-editor\" data-id=\"ea0c853\" data-element_type=\"widget\" data-e-type=\"widget\" data-widget_type=\"text-editor.default\">\n\t\t\t\t<div class=\"elementor-widget-container\">\n\t\t\t\t\t\t\t\t\t<p>Acceptation des conditions En acc\u00e9dant ou en utilisant <strong>Vortex Genesis Ai<\/strong>Vous reconnaissez avoir lu et compris les pr\u00e9sentes Conditions g\u00e9n\u00e9rales et vous y engager. Si vous n'acceptez pas une quelconque disposition de ces Conditions, vous ne devez pas utiliser nos services.<\/p><p>Description des services, <strong>Vortex Genesis Ai<\/strong> Nous fournissons des robots de trading en ligne pour diff\u00e9rents march\u00e9s financiers. Nos algorithmes propri\u00e9taires g\u00e9n\u00e8rent des transactions bas\u00e9es sur l'analyse de march\u00e9. Veuillez noter cependant que les performances pass\u00e9es ne garantissent pas les r\u00e9sultats futurs et que le trading comporte des risques.<\/p>\t\t\t\t\t\t\t\t<\/div>\n\t\t\t\t<\/div>\n\t\t\t\t<div class=\"elementor-element elementor-element-d8ad93b elementor-widget elementor-widget-text-editor\" data-id=\"d8ad93b\" data-element_type=\"widget\" data-e-type=\"widget\" data-widget_type=\"text-editor.default\">\n\t\t\t\t<div class=\"elementor-widget-container\">\n\t\t\t\t\t\t\t\t\t<p>Admissibilit\u00e9 de l'utilisateur Vous devez avoir au moins 18 ans et \u00eatre l\u00e9galement autoris\u00e9 \u00e0 conclure des contrats pour utiliser nos services. En acc\u00e9dant \u00e0 <strong>Vortex Genesis Ai<\/strong>, vous confirmez que vous r\u00e9pondez \u00e0 ces exigences et que vous \u00eates responsable du respect de toutes les lois et r\u00e9glementations applicables dans votre juridiction.<\/p>\t\t\t\t\t\t\t\t<\/div>\n\t\t\t\t<\/div>\n\t\t\t\t<div class=\"elementor-element elementor-element-e66497e elementor-widget elementor-widget-text-editor\" data-id=\"e66497e\" data-element_type=\"widget\" data-e-type=\"widget\" data-widget_type=\"text-editor.default\">\n\t\t\t\t<div class=\"elementor-widget-container\">\n\t\t\t\t\t\t\t\t\tAbonnement et paiement Pour acc\u00e9der \u00e0 nos signaux de trading robotis\u00e9s, vous devrez peut-\u00eatre souscrire \u00e0 l'un de nos forfaits de services. Les frais d'abonnement seront clairement indiqu\u00e9s sur notre site Web et vous acceptez de payer les frais sp\u00e9cifi\u00e9s pour la dur\u00e9e choisie. Les paiements ne sont pas remboursables et vous \u00eates responsable de toutes les taxes ou frais encourus dans le cadre des transactions.\n\n\t\t\t\t\t\t\t\t<\/div>\n\t\t\t\t<\/div>\n\t\t\t\t<div class=\"elementor-element elementor-element-7894ed6 elementor-widget elementor-widget-text-editor\" data-id=\"7894ed6\" data-element_type=\"widget\" data-e-type=\"widget\" data-widget_type=\"text-editor.default\">\n\t\t\t\t<div class=\"elementor-widget-container\">\n\t\t\t\t\t\t\t\t\t<p>Risques et responsabilit\u00e9\u00a0: le trading comporte des risques financiers. Bien que notre robot vise \u00e0 fournir des informations pr\u00e9cises, nous ne pouvons garantir les profits ni pr\u00e9venir les pertes. Vous reconnaissez \u00eatre seul responsable des cons\u00e9quences de vos d\u00e9cisions de trading et de toute cons\u00e9quence financi\u00e8re d\u00e9coulant de l'utilisation de nos services. <strong>Vortex Genesis Ai<\/strong>, ses soci\u00e9t\u00e9s affili\u00e9es et ses employ\u00e9s ne pourront \u00eatre tenus responsables des pertes subies lors de l'utilisation de nos services.<\/p>\t\t\t\t\t\t\t\t<\/div>\n\t\t\t\t<\/div>\n\t\t\t\t<div class=\"elementor-element elementor-element-5c0f650 elementor-widget elementor-widget-text-editor\" data-id=\"5c0f650\" data-element_type=\"widget\" data-e-type=\"widget\" data-widget_type=\"text-editor.default\">\n\t\t\t\t<div class=\"elementor-widget-container\">\n\t\t\t\t\t\t\t\t\t<p>Usage personnel uniquement Les signaux fournis par <strong>Vortex Genesis Ai<\/strong> sont r\u00e9serv\u00e9s \u00e0 votre usage personnel. Il vous est strictement interdit de redistribuer, revendre ou exploiter commercialement nos signaux sans l'autorisation \u00e9crite pr\u00e9alable de <strong>Vortex Genesis Ai<\/strong>.<\/p>\t\t\t\t\t\t\t\t<\/div>\n\t\t\t\t<\/div>\n\t\t\t\t<div class=\"elementor-element elementor-element-31e9818 elementor-widget elementor-widget-text-editor\" data-id=\"31e9818\" data-element_type=\"widget\" data-e-type=\"widget\" data-widget_type=\"text-editor.default\">\n\t\t\t\t<div class=\"elementor-widget-container\">\n\t\t\t\t\t\t\t\t\t<p>Conduite de l'utilisateur\u00a0: Vous vous engagez \u00e0 utiliser nos services conform\u00e9ment \u00e0 toutes les lois et r\u00e9glementations applicables. Vous ne devez entreprendre aucune activit\u00e9 susceptible de perturber, d'endommager ou de compromettre le fonctionnement de <strong>Vortex Genesis Ai<\/strong><b>\u00a0<\/b>ou ses services associ\u00e9s.<\/p>\t\t\t\t\t\t\t\t<\/div>\n\t\t\t\t<\/div>\n\t\t\t\t<div class=\"elementor-element elementor-element-18c1c97 elementor-widget elementor-widget-text-editor\" data-id=\"18c1c97\" data-element_type=\"widget\" data-e-type=\"widget\" data-widget_type=\"text-editor.default\">\n\t\t\t\t<div class=\"elementor-widget-container\">\n\t\t\t\t\t\t\t\t\t<p>Propri\u00e9t\u00e9 intellectuelle Tout le contenu, y compris, mais sans s'y limiter, les logos, marques, textes, images et logiciels utilis\u00e9s sur <strong>Vortex Genesis Ai<\/strong>, est prot\u00e9g\u00e9 par les lois sur la propri\u00e9t\u00e9 intellectuelle et est la propri\u00e9t\u00e9 exclusive de <strong>Vortex Genesis Ai<\/strong> ou de ses conc\u00e9dants de licence. Vous ne pouvez utiliser, reproduire, modifier ou distribuer aucun contenu sans notre consentement \u00e9crit expr\u00e8s.<\/p>\t\t\t\t\t\t\t\t<\/div>\n\t\t\t\t<\/div>\n\t\t\t\t<div class=\"elementor-element elementor-element-bb327f0 elementor-widget elementor-widget-text-editor\" data-id=\"bb327f0\" data-element_type=\"widget\" data-e-type=\"widget\" data-widget_type=\"text-editor.default\">\n\t\t\t\t<div class=\"elementor-widget-container\">\n\t\t\t\t\t\t\t\t\t<p>R\u00e9siliation des services <strong>Vortex Genesis Ai<\/strong><b>\u00a0<\/b>se r\u00e9serve le droit de suspendre ou de r\u00e9silier votre acc\u00e8s \u00e0 nos services \u00e0 tout moment et pour quelque raison que ce soit, y compris en cas de suspicion de violation des pr\u00e9sentes conditions g\u00e9n\u00e9rales ou de participation \u00e0 des activit\u00e9s frauduleuses.<\/p>\t\t\t\t\t\t\t\t<\/div>\n\t\t\t\t<\/div>\n\t\t\t\t<div class=\"elementor-element elementor-element-0819983 elementor-widget elementor-widget-text-editor\" data-id=\"0819983\" data-element_type=\"widget\" data-e-type=\"widget\" data-widget_type=\"text-editor.default\">\n\t\t\t\t<div class=\"elementor-widget-container\">\n\t\t\t\t\t\t\t\t\t<p>Modifications des conditions <strong>Vortex Genesis Ai<\/strong> Nous pouvons mettre \u00e0 jour ou modifier les pr\u00e9sentes Conditions g\u00e9n\u00e9rales \u00e0 tout moment et sans pr\u00e9avis. En continuant \u00e0 utiliser nos services apr\u00e8s ces modifications, vous acceptez d'\u00eatre li\u00e9 par les Conditions g\u00e9n\u00e9rales mises \u00e0 jour.<\/p>\t\t\t\t\t\t\t\t<\/div>\n\t\t\t\t<\/div>\n\t\t\t\t<div class=\"elementor-element elementor-element-e569f79 elementor-widget elementor-widget-text-editor\" data-id=\"e569f79\" data-element_type=\"widget\" data-e-type=\"widget\" data-widget_type=\"text-editor.default\">\n\t\t\t\t<div class=\"elementor-widget-container\">\n\t\t\t\t\t\t\t\t\t<p>Politique de confidentialit\u00e9 Votre vie priv\u00e9e est importante pour nous. Veuillez consulter notre politique de confidentialit\u00e9 pour comprendre comment nous recueillons, utilisons et prot\u00e9geons vos informations personnelles.<\/p>\t\t\t\t\t\t\t\t<\/div>\n\t\t\t\t<\/div>\n\t\t\t\t<div class=\"elementor-element elementor-element-0f11e4d elementor-widget elementor-widget-text-editor\" data-id=\"0f11e4d\" data-element_type=\"widget\" data-e-type=\"widget\" data-widget_type=\"text-editor.default\">\n\t\t\t\t<div class=\"elementor-widget-container\">\n\t\t\t\t\t\t\t\t\t<p>Droit applicable et juridiction Les pr\u00e9sentes Conditions g\u00e9n\u00e9rales sont r\u00e9gies et interpr\u00e9t\u00e9es conform\u00e9ment aux lois, sans \u00e9gard aux principes de conflit de lois. Tout litige d\u00e9coulant ou li\u00e9 aux pr\u00e9sentes conditions g\u00e9n\u00e9rales sera soumis \u00e0 la comp\u00e9tence exclusive des tribunaux.<\/p>\t\t\t\t\t\t\t\t<\/div>\n\t\t\t\t<\/div>\n\t\t\t\t<div class=\"elementor-element elementor-element-17f4755 elementor-widget elementor-widget-text-editor\" data-id=\"17f4755\" data-element_type=\"widget\" data-e-type=\"widget\" data-widget_type=\"text-editor.default\">\n\t\t\t\t<div class=\"elementor-widget-container\">\n\t\t\t\t\t\t\t\t\t<p>Le robot algorithme de trading <strong>n\u00e9cessite le logiciel de trading MetaTrader 5 et un service de courtage<\/strong> pour ex\u00e9cuter les ordres d\u2019achat et de vente et fournir des liquidit\u00e9s en cas de besoin.<\/p>\t\t\t\t\t\t\t\t<\/div>\n\t\t\t\t<\/div>\n\t\t\t\t<div class=\"elementor-element elementor-element-683f6f0 elementor-widget elementor-widget-text-editor\" data-id=\"683f6f0\" data-element_type=\"widget\" data-e-type=\"widget\" data-widget_type=\"text-editor.default\">\n\t\t\t\t<div class=\"elementor-widget-container\">\n\t\t\t\t\t\t\t\t\t<p><strong>Le client doit lire et accepter les termes et conditions du courtier.<\/strong><\/p>\t\t\t\t\t\t\t\t<\/div>\n\t\t\t\t<\/div>\n\t\t\t\t<div class=\"elementor-element elementor-element-1cdb143 elementor-widget elementor-widget-text-editor\" data-id=\"1cdb143\" data-element_type=\"widget\" data-e-type=\"widget\" data-widget_type=\"text-editor.default\">\n\t\t\t\t<div class=\"elementor-widget-container\">\n\t\t\t\t\t\t\t\t\t<p>En utilisant <strong>Vortex Genesis Ai<\/strong>Vous acceptez les pr\u00e9sentes Conditions g\u00e9n\u00e9rales et nous nous r\u00e9jouissons de vous proposer un service de trading automatis\u00e9. Pour toute question ou pr\u00e9occupation, veuillez contacter notre service client \u00e0 l'adresse suivante\u00a0: <a href=\"mailto:support@vortexgenesisai.live\">support@vortexgenesisai.live<\/a><\/p>\t\t\t\t\t\t\t\t<\/div>\n\t\t\t\t<\/div>\n\t\t\t\t<div class=\"elementor-element elementor-element-a5d34e9 elementor-widget elementor-widget-spacer\" data-id=\"a5d34e9\" data-element_type=\"widget\" data-e-type=\"widget\" data-widget_type=\"spacer.default\">\n\t\t\t\t<div class=\"elementor-widget-container\">\n\t\t\t\t\t\t\t<div class=\"elementor-spacer\">\n\t\t\t<div class=\"elementor-spacer-inner\"><\/div>\n\t\t<\/div>\n\t\t\t\t\t\t<\/div>\n\t\t\t\t<\/div>\n\t\t\t\t\t<\/div>\n\t\t\t\t<\/div>\n\t\t\t\t<\/div>","protected":false},"excerpt":{"rendered":"<p>Terms and Conditions Welcome to Vortex Genesis Ai, your premier destination for automated robot trading signals. By using our services, you agree to be bound by the following Terms and Conditions. Please read them carefully before proceeding with any transactions or subscriptions. Acceptance of Terms By accessing or using Vortex Genesis Ai, you acknowledge that [&hellip;]<\/p>\n","protected":false},"author":1,"featured_media":0,"parent":0,"menu_order":0,"comment_status":"closed","ping_status":"closed","template":"","meta":{"footnotes":""},"class_list":["post-23","page","type-page","status-publish","hentry"],"_links":{"self":[{"href":"https:\/\/vortexgenesisai.live\/fr\/wp-json\/wp\/v2\/pages\/23","targetHints":{"allow":["GET"]}}],"collection":[{"href":"https:\/\/vortexgenesisai.live\/fr\/wp-json\/wp\/v2\/pages"}],"about":[{"href":"https:\/\/vortexgenesisai.live\/fr\/wp-json\/wp\/v2\/types\/page"}],"author":[{"embeddable":true,"href":"https:\/\/vortexgenesisai.live\/fr\/wp-json\/wp\/v2\/users\/1"}],"replies":[{"embeddable":true,"href":"https:\/\/vortexgenesisai.live\/fr\/wp-json\/wp\/v2\/comments?post=23"}],"version-history":[{"count":118,"href":"https:\/\/vortexgenesisai.live\/fr\/wp-json\/wp\/v2\/pages\/23\/revisions"}],"predecessor-version":[{"id":1636,"href":"https:\/\/vortexgenesisai.live\/fr\/wp-json\/wp\/v2\/pages\/23\/revisions\/1636"}],"wp:attachment":[{"href":"https:\/\/vortexgenesisai.live\/fr\/wp-json\/wp\/v2\/media?parent=23"}],"curies":[{"name":"wp","href":"https:\/\/api.w.org\/{rel}","templated":true}]}}